{"id":7310,"date":"2024-05-14T14:46:52","date_gmt":"2024-05-14T14:46:52","guid":{"rendered":"https:\/\/atacamanomade.cl\/trekkings\/"},"modified":"2024-05-14T21:25:33","modified_gmt":"2024-05-14T21:25:33","slug":"trekkings","status":"publish","type":"page","link":"https:\/\/atacamanomade.cl\/pt-br\/trekkings\/","title":{"rendered":"Trekkings"},"content":{"rendered":"\t\t<div data-elementor-type=\"wp-page\" data-elementor-id=\"7310\" class=\"elementor elementor-7310 elementor-7244\" data-elementor-post-type=\"page\">\n\t\t\t\t<div class=\"elementor-element elementor-element-a0de718 e-con-full e-flex e-con e-parent\" data-id=\"a0de718\" data-element_type=\"container\" data-e-type=\"container\" data-settings=\"{&quot;background_background&quot;:&quot;classic&quot;}\">\n\t\t\t\t<\/div>\n\t\t<div class=\"elementor-element elementor-element-2dcc56b e-flex e-con-boxed e-con e-parent\" data-id=\"2dcc56b\" data-element_type=\"container\" data-e-type=\"container\">\n\t\t\t\t\t<div class=\"e-con-inner\">\n\t\t\t\t<div class=\"elementor-element elementor-element-f45ae96 elementor-widget elementor-widget-heading\" data-id=\"f45ae96\" data-element_type=\"widget\" data-e-type=\"widget\" data-widget_type=\"heading.default\">\n\t\t\t\t<div class=\"elementor-widget-container\">\n\t\t\t\t\t<h2 class=\"elementor-heading-title elementor-size-default\">Rotas de trekking com a Atacama Nomad<\/h2>\t\t\t\t<\/div>\n\t\t\t\t<\/div>\n\t\t\t\t<div class=\"elementor-element elementor-element-fd7e720 elementor-widget elementor-widget-text-editor\" data-id=\"fd7e720\" data-element_type=\"widget\" data-e-type=\"widget\" data-widget_type=\"text-editor.default\">\n\t\t\t\t<div class=\"elementor-widget-container\">\n\t\t\t\t\t\t\t\t\t<p>Embarque em emocionantes rotas de trekking em San Pedro de Atacama. Descubra paisagens des\u00e9rticas, vales escondidos e vulc\u00f5es majestosos. Nossos passeios guiados o levar\u00e3o a explorar o melhor do altiplano chileno, garantindo uma experi\u00eancia inesquec\u00edvel a cada passo do caminho &#8211; prepare-se para a aventura!<\/p>\n<p>Al\u00e9m disso, aprecie a flora e a fauna exclusivas do deserto, visite ru\u00ednas arqueol\u00f3gicas antigas e aprenda sobre a rica hist\u00f3ria e cultura da regi\u00e3o. Nossos guias locais especializados garantir\u00e3o uma caminhada segura e enriquecedora. Venha e experimente a magia do trekking em um dos lugares mais deslumbrantes do mundo.<\/p>\n\t\t\t\t\t\t\t\t<\/div>\n\t\t\t\t<\/div>\n\t\t\t\t\t<\/div>\n\t\t\t\t<\/div>\n\t\t<div class=\"elementor-element elementor-element-e323940 e-flex e-con-boxed e-con e-parent\" data-id=\"e323940\" data-element_type=\"container\" data-e-type=\"container\">\n\t\t\t\t\t<div class=\"e-con-inner\">\n\t\t\t\t<div class=\"elementor-element elementor-element-8cadffa elementor-widget elementor-widget-heading\" data-id=\"8cadffa\" data-element_type=\"widget\" data-e-type=\"widget\" data-widget_type=\"heading.default\">\n\t\t\t\t<div class=\"elementor-widget-container\">\n\t\t\t\t\t<h3 class=\"elementor-heading-title elementor-size-default\">Aventuras de senderismo excepcionales:<\/h3>\t\t\t\t<\/div>\n\t\t\t\t<\/div>\n\t\t\t\t<div class=\"elementor-element elementor-element-3718843 elementor-widget elementor-widget-wptravelengine-trips\" data-id=\"3718843\" data-element_type=\"widget\" data-e-type=\"widget\" data-widget_type=\"wptravelengine-trips.default\">\n\t\t\t\t<div class=\"elementor-widget-container\">\n\t\t\t\t\tNo trips available. Please add a new trip.\t\t\t\t<\/div>\n\t\t\t\t<\/div>\n\t\t\t\t<div class=\"elementor-element elementor-element-e74158e elementor-align-center animated-slow elementor-invisible elementor-widget elementor-widget-button\" data-id=\"e74158e\" data-element_type=\"widget\" data-e-type=\"widget\" data-settings=\"{&quot;_animation&quot;:&quot;fadeIn&quot;,&quot;_animation_delay&quot;:100}\" data-widget_type=\"button.default\">\n\t\t\t\t<div class=\"elementor-widget-container\">\n\t\t\t\t\t\t\t\t\t<div class=\"elementor-button-wrapper\">\n\t\t\t\t\t<a class=\"elementor-button elementor-button-link elementor-size-sm\" href=\"https:\/\/atacamanomade.cl\/activities\/trekking\/\">\n\t\t\t\t\t\t<span class=\"elementor-button-content-wrapper\">\n\t\t\t\t\t\t\t\t\t<span class=\"elementor-button-text\">Todos os Trekkings<\/span>\n\t\t\t\t\t<\/span>\n\t\t\t\t\t<\/a>\n\t\t\t\t<\/div>\n\t\t\t\t\t\t\t\t<\/div>\n\t\t\t\t<\/div>\n\t\t\t\t\t<\/div>\n\t\t\t\t<\/div>\n\t\t\t\t<\/div>\n\t\t","protected":false},"excerpt":{"rendered":"<p>Rotas de trekking com a Atacama Nomad Embarque em emocionantes rotas de trekking em San Pedro de Atacama. Descubra paisagens [&hellip;]<\/p>\n","protected":false},"author":1,"featured_media":6133,"parent":0,"menu_order":0,"comment_status":"closed","ping_status":"closed","template":"","meta":{"site-sidebar-layout":"default","site-content-layout":"","ast-site-content-layout":"default","site-content-style":"default","site-sidebar-style":"default","ast-global-header-display":"","ast-banner-title-visibility":"","ast-main-header-display":"","ast-hfb-above-header-display":"","ast-hfb-below-header-display":"","ast-hfb-mobile-header-display":"","site-post-title":"","ast-breadcrumbs-content":"","ast-featured-img":"","footer-sml-layout":"","ast-disable-related-posts":"","theme-transparent-header-meta":"","adv-header-id-meta":"","stick-header-meta":"","header-above-stick-meta":"","header-main-stick-meta":"","header-below-stick-meta":"","astra-migrate-meta-layouts":"default","ast-page-background-enabled":"default","ast-page-background-meta":{"desktop":{"background-color":"var(--ast-global-color-5)","background-image":"","background-repeat":"repeat","background-position":"center center","background-size":"auto","background-attachment":"scroll","background-type":"","background-media":"","overlay-type":"","overlay-color":"","overlay-opacity":"","overlay-gradient":""},"tablet":{"background-color":"","background-image":"","background-repeat":"repeat","background-position":"center center","background-size":"auto","background-attachment":"scroll","background-type":"","background-media":"","overlay-type":"","overlay-color":"","overlay-opacity":"","overlay-gradient":""},"mobile":{"background-color":"","background-image":"","background-repeat":"repeat","background-position":"center center","background-size":"auto","background-attachment":"scroll","background-type":"","background-media":"","overlay-type":"","overlay-color":"","overlay-opacity":"","overlay-gradient":""}},"ast-content-background-meta":{"desktop":{"background-color":"var(--ast-global-color-4)","background-image":"","background-repeat":"repeat","background-position":"center center","background-size":"auto","background-attachment":"scroll","background-type":"","background-media":"","overlay-type":"","overlay-color":"","overlay-opacity":"","overlay-gradient":""},"tablet":{"background-color":"var(--ast-global-color-4)","background-image":"","background-repeat":"repeat","background-position":"center center","background-size":"auto","background-attachment":"scroll","background-type":"","background-media":"","overlay-type":"","overlay-color":"","overlay-opacity":"","overlay-gradient":""},"mobile":{"background-color":"var(--ast-global-color-4)","background-image":"","background-repeat":"repeat","background-position":"center center","background-size":"auto","background-attachment":"scroll","background-type":"","background-media":"","overlay-type":"","overlay-color":"","overlay-opacity":"","overlay-gradient":""}},"footnotes":""},"class_list":["post-7310","page","type-page","status-publish","has-post-thumbnail","hentry"],"yoast_head":"<!-- This site is optimized with the Yoast SEO plugin v27.0 - https:\/\/yoast.com\/product\/yoast-seo-wordpress\/ -->\n<title>Trekkings - Atacama N\u00f3made<\/title>\n<meta name=\"robots\" content=\"index, follow, max-snippet:-1, max-image-preview:large, max-video-preview:-1\" \/>\n<link rel=\"canonical\" href=\"https:\/\/atacamanomade.cl\/trekkings\/\" \/>\n<meta property=\"og:locale\" content=\"pt_BR\" \/>\n<meta property=\"og:type\" content=\"article\" \/>\n<meta property=\"og:title\" content=\"Trekkings - Atacama N\u00f3made\" \/>\n<meta property=\"og:description\" content=\"Rotas de trekking com a Atacama Nomad Embarque em emocionantes rotas de trekking em San Pedro de Atacama. Descubra paisagens [&hellip;]\" \/>\n<meta property=\"og:url\" content=\"https:\/\/atacamanomade.cl\/trekkings\/\" \/>\n<meta property=\"og:site_name\" content=\"Atacama N\u00f3made\" \/>\n<meta property=\"article:publisher\" content=\"https:\/\/www.facebook.com\/profile.php?id=61557239294572\" \/>\n<meta property=\"article:modified_time\" content=\"2024-05-14T21:25:33+00:00\" \/>\n<meta property=\"og:image\" content=\"https:\/\/atacamanomade.cl\/wp-content\/uploads\/2024\/02\/Trekking03-01.webp\" \/>\n\t<meta property=\"og:image:width\" content=\"900\" \/>\n\t<meta property=\"og:image:height\" content=\"490\" \/>\n\t<meta property=\"og:image:type\" content=\"image\/webp\" \/>\n<meta name=\"twitter:card\" content=\"summary_large_image\" \/>\n<meta name=\"twitter:label1\" content=\"Est. tempo de leitura\" \/>\n\t<meta name=\"twitter:data1\" content=\"1 minuto\" \/>\n<script type=\"application\/ld+json\" class=\"yoast-schema-graph\">{\"@context\":\"https:\/\/schema.org\",\"@graph\":[{\"@type\":\"WebPage\",\"@id\":\"https:\/\/atacamanomade.cl\/trekkings\/\",\"url\":\"https:\/\/atacamanomade.cl\/trekkings\/\",\"name\":\"Trekkings - Atacama N\u00f3made\",\"isPartOf\":{\"@id\":\"https:\/\/atacamanomade.cl\/#website\"},\"primaryImageOfPage\":{\"@id\":\"https:\/\/atacamanomade.cl\/trekkings\/#primaryimage\"},\"image\":{\"@id\":\"https:\/\/atacamanomade.cl\/trekkings\/#primaryimage\"},\"thumbnailUrl\":\"https:\/\/atacamanomade.cl\/wp-content\/uploads\/2024\/02\/Trekking03-01.webp\",\"datePublished\":\"2024-05-14T14:46:52+00:00\",\"dateModified\":\"2024-05-14T21:25:33+00:00\",\"breadcrumb\":{\"@id\":\"https:\/\/atacamanomade.cl\/trekkings\/#breadcrumb\"},\"inLanguage\":\"pt-BR\",\"potentialAction\":[{\"@type\":\"ReadAction\",\"target\":[\"https:\/\/atacamanomade.cl\/trekkings\/\"]}]},{\"@type\":\"ImageObject\",\"inLanguage\":\"pt-BR\",\"@id\":\"https:\/\/atacamanomade.cl\/trekkings\/#primaryimage\",\"url\":\"https:\/\/atacamanomade.cl\/wp-content\/uploads\/2024\/02\/Trekking03-01.webp\",\"contentUrl\":\"https:\/\/atacamanomade.cl\/wp-content\/uploads\/2024\/02\/Trekking03-01.webp\",\"width\":900,\"height\":490},{\"@type\":\"BreadcrumbList\",\"@id\":\"https:\/\/atacamanomade.cl\/trekkings\/#breadcrumb\",\"itemListElement\":[{\"@type\":\"ListItem\",\"position\":1,\"name\":\"Portada\",\"item\":\"https:\/\/atacamanomade.cl\/\"},{\"@type\":\"ListItem\",\"position\":2,\"name\":\"Trekkings\"}]},{\"@type\":\"WebSite\",\"@id\":\"https:\/\/atacamanomade.cl\/#website\",\"url\":\"https:\/\/atacamanomade.cl\/\",\"name\":\"Atacama N\u00f3made\",\"description\":\"Tours en San Pedro de Atacama \",\"publisher\":{\"@id\":\"https:\/\/atacamanomade.cl\/#organization\"},\"potentialAction\":[{\"@type\":\"SearchAction\",\"target\":{\"@type\":\"EntryPoint\",\"urlTemplate\":\"https:\/\/atacamanomade.cl\/?s={search_term_string}\"},\"query-input\":{\"@type\":\"PropertyValueSpecification\",\"valueRequired\":true,\"valueName\":\"search_term_string\"}}],\"inLanguage\":\"pt-BR\"},{\"@type\":\"Organization\",\"@id\":\"https:\/\/atacamanomade.cl\/#organization\",\"name\":\"Atacama N\u00f3made\",\"url\":\"https:\/\/atacamanomade.cl\/\",\"logo\":{\"@type\":\"ImageObject\",\"inLanguage\":\"pt-BR\",\"@id\":\"https:\/\/atacamanomade.cl\/#\/schema\/logo\/image\/\",\"url\":\"https:\/\/atacamanomade.cl\/wp-content\/uploads\/2024\/02\/Logo_AtacamaNomade-H-e1710969829763.webp\",\"contentUrl\":\"https:\/\/atacamanomade.cl\/wp-content\/uploads\/2024\/02\/Logo_AtacamaNomade-H-e1710969829763.webp\",\"width\":510,\"height\":236,\"caption\":\"Atacama N\u00f3made\"},\"image\":{\"@id\":\"https:\/\/atacamanomade.cl\/#\/schema\/logo\/image\/\"},\"sameAs\":[\"https:\/\/www.facebook.com\/profile.php?id=61557239294572\",\"https:\/\/www.instagram.com\/atacamanomade\/\"]}]}<\/script>\n<!-- \/ Yoast SEO plugin. -->","yoast_head_json":{"title":"Trekkings - Atacama N\u00f3made","robots":{"index":"index","follow":"follow","max-snippet":"max-snippet:-1","max-image-preview":"max-image-preview:large","max-video-preview":"max-video-preview:-1"},"canonical":"https:\/\/atacamanomade.cl\/trekkings\/","og_locale":"pt_BR","og_type":"article","og_title":"Trekkings - Atacama N\u00f3made","og_description":"Rotas de trekking com a Atacama Nomad Embarque em emocionantes rotas de trekking em San Pedro de Atacama. Descubra paisagens [&hellip;]","og_url":"https:\/\/atacamanomade.cl\/trekkings\/","og_site_name":"Atacama N\u00f3made","article_publisher":"https:\/\/www.facebook.com\/profile.php?id=61557239294572","article_modified_time":"2024-05-14T21:25:33+00:00","og_image":[{"width":900,"height":490,"url":"https:\/\/atacamanomade.cl\/wp-content\/uploads\/2024\/02\/Trekking03-01.webp","type":"image\/webp"}],"twitter_card":"summary_large_image","twitter_misc":{"Est. tempo de leitura":"1 minuto"},"schema":{"@context":"https:\/\/schema.org","@graph":[{"@type":"WebPage","@id":"https:\/\/atacamanomade.cl\/trekkings\/","url":"https:\/\/atacamanomade.cl\/trekkings\/","name":"Trekkings - Atacama N\u00f3made","isPartOf":{"@id":"https:\/\/atacamanomade.cl\/#website"},"primaryImageOfPage":{"@id":"https:\/\/atacamanomade.cl\/trekkings\/#primaryimage"},"image":{"@id":"https:\/\/atacamanomade.cl\/trekkings\/#primaryimage"},"thumbnailUrl":"https:\/\/atacamanomade.cl\/wp-content\/uploads\/2024\/02\/Trekking03-01.webp","datePublished":"2024-05-14T14:46:52+00:00","dateModified":"2024-05-14T21:25:33+00:00","breadcrumb":{"@id":"https:\/\/atacamanomade.cl\/trekkings\/#breadcrumb"},"inLanguage":"pt-BR","potentialAction":[{"@type":"ReadAction","target":["https:\/\/atacamanomade.cl\/trekkings\/"]}]},{"@type":"ImageObject","inLanguage":"pt-BR","@id":"https:\/\/atacamanomade.cl\/trekkings\/#primaryimage","url":"https:\/\/atacamanomade.cl\/wp-content\/uploads\/2024\/02\/Trekking03-01.webp","contentUrl":"https:\/\/atacamanomade.cl\/wp-content\/uploads\/2024\/02\/Trekking03-01.webp","width":900,"height":490},{"@type":"BreadcrumbList","@id":"https:\/\/atacamanomade.cl\/trekkings\/#breadcrumb","itemListElement":[{"@type":"ListItem","position":1,"name":"Portada","item":"https:\/\/atacamanomade.cl\/"},{"@type":"ListItem","position":2,"name":"Trekkings"}]},{"@type":"WebSite","@id":"https:\/\/atacamanomade.cl\/#website","url":"https:\/\/atacamanomade.cl\/","name":"Atacama N\u00f3made","description":"Tours en San Pedro de Atacama ","publisher":{"@id":"https:\/\/atacamanomade.cl\/#organization"},"potentialAction":[{"@type":"SearchAction","target":{"@type":"EntryPoint","urlTemplate":"https:\/\/atacamanomade.cl\/?s={search_term_string}"},"query-input":{"@type":"PropertyValueSpecification","valueRequired":true,"valueName":"search_term_string"}}],"inLanguage":"pt-BR"},{"@type":"Organization","@id":"https:\/\/atacamanomade.cl\/#organization","name":"Atacama N\u00f3made","url":"https:\/\/atacamanomade.cl\/","logo":{"@type":"ImageObject","inLanguage":"pt-BR","@id":"https:\/\/atacamanomade.cl\/#\/schema\/logo\/image\/","url":"https:\/\/atacamanomade.cl\/wp-content\/uploads\/2024\/02\/Logo_AtacamaNomade-H-e1710969829763.webp","contentUrl":"https:\/\/atacamanomade.cl\/wp-content\/uploads\/2024\/02\/Logo_AtacamaNomade-H-e1710969829763.webp","width":510,"height":236,"caption":"Atacama N\u00f3made"},"image":{"@id":"https:\/\/atacamanomade.cl\/#\/schema\/logo\/image\/"},"sameAs":["https:\/\/www.facebook.com\/profile.php?id=61557239294572","https:\/\/www.instagram.com\/atacamanomade\/"]}]}},"_links":{"self":[{"href":"https:\/\/atacamanomade.cl\/pt-br\/wp-json\/wp\/v2\/pages\/7310","targetHints":{"allow":["GET"]}}],"collection":[{"href":"https:\/\/atacamanomade.cl\/pt-br\/wp-json\/wp\/v2\/pages"}],"about":[{"href":"https:\/\/atacamanomade.cl\/pt-br\/wp-json\/wp\/v2\/types\/page"}],"author":[{"embeddable":true,"href":"https:\/\/atacamanomade.cl\/pt-br\/wp-json\/wp\/v2\/users\/1"}],"replies":[{"embeddable":true,"href":"https:\/\/atacamanomade.cl\/pt-br\/wp-json\/wp\/v2\/comments?post=7310"}],"version-history":[{"count":1,"href":"https:\/\/atacamanomade.cl\/pt-br\/wp-json\/wp\/v2\/pages\/7310\/revisions"}],"predecessor-version":[{"id":7311,"href":"https:\/\/atacamanomade.cl\/pt-br\/wp-json\/wp\/v2\/pages\/7310\/revisions\/7311"}],"wp:featuredmedia":[{"embeddable":true,"href":"https:\/\/atacamanomade.cl\/pt-br\/wp-json\/wp\/v2\/media\/6133"}],"wp:attachment":[{"href":"https:\/\/atacamanomade.cl\/pt-br\/wp-json\/wp\/v2\/media?parent=7310"}],"curies":[{"name":"wp","href":"https:\/\/api.w.org\/{rel}","templated":true}]}}