{"id":7306,"date":"2024-05-14T14:46:52","date_gmt":"2024-05-14T14:46:52","guid":{"rendered":"https:\/\/atacamanomade.cl\/passeios-particulares\/"},"modified":"2024-05-14T21:21:50","modified_gmt":"2024-05-14T21:21:50","slug":"passeios-particulares","status":"publish","type":"page","link":"https:\/\/atacamanomade.cl\/pt-br\/passeios-particulares\/","title":{"rendered":"Passeios particulares"},"content":{"rendered":"\t\t<div data-elementor-type=\"wp-page\" data-elementor-id=\"7306\" class=\"elementor elementor-7306 elementor-7166\" data-elementor-post-type=\"page\">\n\t\t\t\t<div class=\"elementor-element elementor-element-a0de718 e-con-full e-flex e-con e-parent\" data-id=\"a0de718\" data-element_type=\"container\" data-e-type=\"container\" data-settings=\"{&quot;background_background&quot;:&quot;classic&quot;}\">\n\t\t\t\t<\/div>\n\t\t<div class=\"elementor-element elementor-element-2dcc56b e-flex e-con-boxed e-con e-parent\" data-id=\"2dcc56b\" data-element_type=\"container\" data-e-type=\"container\">\n\t\t\t\t\t<div class=\"e-con-inner\">\n\t\t\t\t<div class=\"elementor-element elementor-element-f45ae96 elementor-widget elementor-widget-heading\" data-id=\"f45ae96\" data-element_type=\"widget\" data-e-type=\"widget\" data-widget_type=\"heading.default\">\n\t\t\t\t<div class=\"elementor-widget-container\">\n\t\t\t\t\t<h2 class=\"elementor-heading-title elementor-size-default\">Excurs\u00f5es privadas no Atacama Nomade<\/h2>\t\t\t\t<\/div>\n\t\t\t\t<\/div>\n\t\t\t\t<div class=\"elementor-element elementor-element-d128611 meafe-blockquote-type-clean meafe-blockquote-align-left elementor-widget elementor-widget-meafe-blockquote\" data-id=\"d128611\" data-element_type=\"widget\" data-e-type=\"widget\" data-widget_type=\"meafe-blockquote.default\">\n\t\t\t\t<div class=\"elementor-widget-container\">\n\t\t\t\t\t        <blockquote class=\"meafe-blockquote \" style=\"background-image: url();\">  \n            <div class=\"meafe-blockquote-icon-wrapper\">  \n                                    <svg class=\"e-font-icon-svg e-fas-star\" viewBox=\"0 0 576 512\" xmlns=\"http:\/\/www.w3.org\/2000\/svg\"><path d=\"M259.3 17.8L194 150.2 47.9 171.5c-26.2 3.8-36.7 36.1-17.7 54.6l105.7 103-25 145.5c-4.5 26.3 23.2 46 46.4 33.7L288 439.6l130.7 68.7c23.2 12.2 50.9-7.4 46.4-33.7l-25-145.5 105.7-103c19-18.5 8.5-50.8-17.7-54.6L382 150.2 316.7 17.8c-11.7-23.6-45.6-23.9-57.4 0z\"><\/path><\/svg>                            <\/div>\n            <p class=\"meafe-blockquote-content\">\n                <strong>Todas las excursiones tradicionales en San Pedro de Atacama pueden ser privadas. \n<br>Adem\u00e1s, logramos crear excursiones en donde podemos incluir puntos de diferentes excursiones seg\u00fan tiempos y disponibilidad.<\/strong>            <\/p>\n            <div class=\"author-wrapper\">\n                            <\/div>\n        <\/blockquote>\n    \t\t\t\t<\/div>\n\t\t\t\t<\/div>\n\t\t\t\t\t<\/div>\n\t\t\t\t<\/div>\n\t\t<div class=\"elementor-element elementor-element-e323940 e-flex e-con-boxed e-con e-parent\" data-id=\"e323940\" data-element_type=\"container\" data-e-type=\"container\">\n\t\t\t\t\t<div class=\"e-con-inner\">\n\t\t\t\t<div class=\"elementor-element elementor-element-8cadffa elementor-widget elementor-widget-heading\" data-id=\"8cadffa\" data-element_type=\"widget\" data-e-type=\"widget\" data-widget_type=\"heading.default\">\n\t\t\t\t<div class=\"elementor-widget-container\">\n\t\t\t\t\t<h3 class=\"elementor-heading-title elementor-size-default\">Atividades particulares em destaque:<\/h3>\t\t\t\t<\/div>\n\t\t\t\t<\/div>\n\t\t\t\t<div class=\"elementor-element elementor-element-3718843 elementor-widget elementor-widget-wptravelengine-trips\" data-id=\"3718843\" data-element_type=\"widget\" data-e-type=\"widget\" data-widget_type=\"wptravelengine-trips.default\">\n\t\t\t\t<div class=\"elementor-widget-container\">\n\t\t\t\t\tNo trips available. Please add a new trip.\t\t\t\t<\/div>\n\t\t\t\t<\/div>\n\t\t\t\t<div class=\"elementor-element elementor-element-e74158e elementor-align-center animated-slow elementor-invisible elementor-widget elementor-widget-button\" data-id=\"e74158e\" data-element_type=\"widget\" data-e-type=\"widget\" data-settings=\"{&quot;_animation&quot;:&quot;fadeIn&quot;,&quot;_animation_delay&quot;:100}\" data-widget_type=\"button.default\">\n\t\t\t\t<div class=\"elementor-widget-container\">\n\t\t\t\t\t\t\t\t\t<div class=\"elementor-button-wrapper\">\n\t\t\t\t\t<a class=\"elementor-button elementor-button-link elementor-size-sm\" href=\"https:\/\/atacamanomade.cl\/activities\/tours-privados\/\">\n\t\t\t\t\t\t<span class=\"elementor-button-content-wrapper\">\n\t\t\t\t\t\t\t\t\t<span class=\"elementor-button-text\">Todas as atividades privadas<\/span>\n\t\t\t\t\t<\/span>\n\t\t\t\t\t<\/a>\n\t\t\t\t<\/div>\n\t\t\t\t\t\t\t\t<\/div>\n\t\t\t\t<\/div>\n\t\t\t\t\t<\/div>\n\t\t\t\t<\/div>\n\t\t<div class=\"elementor-element elementor-element-298d475 e-flex e-con-boxed e-con e-parent\" data-id=\"298d475\" data-element_type=\"container\" data-e-type=\"container\">\n\t\t\t\t\t<div class=\"e-con-inner\">\n\t\t\t\t<div class=\"elementor-element elementor-element-5f4ca78 elementor-widget elementor-widget-heading\" data-id=\"5f4ca78\" data-element_type=\"widget\" data-e-type=\"widget\" data-widget_type=\"heading.default\">\n\t\t\t\t<div class=\"elementor-widget-container\">\n\t\t\t\t\t<h3 class=\"elementor-heading-title elementor-size-default\">Ecoturismo; Antropologia, Arqueologia, Astronomi<\/h3>\t\t\t\t<\/div>\n\t\t\t\t<\/div>\n\t\t\t\t<div class=\"elementor-element elementor-element-00b9b2b elementor-widget elementor-widget-text-editor\" data-id=\"00b9b2b\" data-element_type=\"widget\" data-e-type=\"widget\" data-widget_type=\"text-editor.default\">\n\t\t\t\t<div class=\"elementor-widget-container\">\n\t\t\t\t\t\t\t\t\t<p><em><strong>Descubra a cultura Lickan Antay e sua fascinante cosmovis\u00e3o andina Experi\u00eancia exclusiva: conex\u00e3o profunda com a hist\u00f3ria e a natureza<\/strong><\/em><\/p>\n<p>Dura\u00e7\u00e3o: Dia inteiro Itiner\u00e1rio am &#8211; Pegamos voc\u00ea em sua acomoda\u00e7\u00e3o; comece o dia com conforto. Nosso ve\u00edculo particular, projetado para pequenos grupos de at\u00e9 5 pessoas, aguarda para lev\u00e1-lo a uma viagem \u00fanica.<\/p>\n<p>Podemos explorar os diferentes vilarejos andinos, como Tllomonte, Peine e o pitoresco vilarejo de Toconao, onde come\u00e7aremos nossa jornada pela cultura Lickan Antay. Visite a Plaza e a Igreja de San Lucas, apreciando a arquitetura tradicional.<\/p>\n<p><em>\u00a0<strong>Geologia e Evid\u00eancias de Vida<\/strong><\/em><strong>:<\/strong> Mergulhe na geologia \u00fanica da regi\u00e3o. Nosso guia bil\u00edngue compartilhar\u00e1 informa\u00e7\u00f5es fascinantes sobre a forma\u00e7\u00e3o dos vulc\u00f5es e mostrar\u00e1 evid\u00eancias da vida de povos antigos que deixaram sua marca na paisagem.<\/p>\n<p>Desfrute de uma experi\u00eancia gastron\u00f4mica requintada com produtos locais em um ambiente encantador. Nosso almo\u00e7o ser\u00e1 uma amostra da diversidade culin\u00e1ria inspirada na regi\u00e3o.<\/p>\n<p><strong><em>Astronomia e Cosmovis\u00e3o<\/em><\/strong>: Mergulhe na cosmovis\u00e3o andina por meio de uma sess\u00e3o exclusiva de astronomia. Nosso guia o levar\u00e1 a um lugar especial para observar o c\u00e9u durante o dia e compartilhar\u00e1 conhecimentos ancestrais sobre as estrelas e sua import\u00e2ncia na cultura Lickan Antay.<\/p>\n<p><strong><em>\u00a0Mitos e lendas<\/em><\/strong>: Em um ambiente natural \u00fanico, ou\u00e7a os mitos e lendas passados de gera\u00e7\u00e3o em gera\u00e7\u00e3o. Experimente a conex\u00e3o espiritual que essas hist\u00f3rias t\u00eam com a terra e a vida cotidiana da comunidade.<\/p>\n<p><strong>\u00a0Retorno ao lodge:<\/strong>\u00a0 Concluiremos nosso dia retornando ao seu lodge. Reflita sobre suas experi\u00eancias e leve consigo lembran\u00e7as inesquec\u00edveis de um dia inteiro imerso na cultura e na natureza de San Pedro de Atacama.<\/p>\n<p><strong>\u00a0Inclu\u00eddo<\/strong>: &#8211; Transporte particular para at\u00e9 5 pessoas (grupos pequenos) (grupos de mais de 8 pessoas usar\u00e3o um ve\u00edculo Sprinter com capacidade para 13 a 16 passageiros) Guia bil\u00edngue especializado. &#8211; Almo\u00e7o com produtos locais. &#8211; Experi\u00eancia astron\u00f4mica e sess\u00f5es culturais. &#8211; Acesso a lugares exclusivos e aut\u00eanticos.<\/p>\n<p><strong>Nota:<\/strong> Este itiner\u00e1rio foi projetado para oferecer uma experi\u00eancia \u00edntima e enriquecedora, garantindo que cada momento seja memor\u00e1vel e significativo.<\/p>\n<p>Experi\u00eancias privadas em San Pedro de Atacama: Descubra a magia e o conforto Dura\u00e7\u00e3o: Personaliz\u00e1vel de acordo com as prefer\u00eancias. Detalhes da experi\u00eancia A partir do momento em que o buscarmos em sua acomoda\u00e7\u00e3o, voc\u00ea estar\u00e1 imerso no ve\u00edculo particular projetado para seu conforto. Desfrute de uma viagem despreocupada enquanto explora San Pedro de Atacama com estilo.<\/p>\n<p><strong>Itiner\u00e1rio flex\u00edvel e personalizado<\/strong> Seu dia ser\u00e1 planejado de acordo com suas prefer\u00eancias e ritmo. Personalize seu itiner\u00e1rio para visitar os destinos mais emblem\u00e1ticos da regi\u00e3o ou descobrir lugares menos conhecidos e aut\u00eanticos. N\u00e3o tenha pressa em cada parada, criando uma experi\u00eancia \u00fanica e sob medida. Guia bil\u00edngue exclusivo: um guia bil\u00edngue especializado, apaixonado pela regi\u00e3o, estar\u00e1 \u00e0 sua disposi\u00e7\u00e3o. Ele n\u00e3o apenas fornecer\u00e1 informa\u00e7\u00f5es detalhadas sobre os locais visitados, mas tamb\u00e9m adaptar\u00e1 a experi\u00eancia aos seus interesses e curiosidades. Al\u00e9m disso, voc\u00ea poder\u00e1 desfrutar de um almo\u00e7o no meio do deserto ou de um jantar sob as estrelas.<\/p>\n<p><strong>\u00a0Tempo para refletir e aproveitar:<\/strong> Ao contr\u00e1rio dos passeios convencionais, nossas experi\u00eancias particulares permitem momentos mais tranquilos. Aproveite cada momento sem pressa, capturando a ess\u00eancia e a beleza de cada lugar visitado. **Servi\u00e7o personalizado:** N\u00f3s nos esfor\u00e7amos para oferecer aten\u00e7\u00e3o personalizada em todos os momentos. Desde ajustes espont\u00e2neos no itiner\u00e1rio at\u00e9 detalhes que tornem o seu dia ainda mais especial, nosso objetivo \u00e9 superar suas expectativas e garantir que voc\u00ea leve para casa lembran\u00e7as inesquec\u00edveis. **Retorno \u00e0 sua acomoda\u00e7\u00e3o com satisfa\u00e7\u00e3o:** No final do dia, voc\u00ea ser\u00e1 levado de volta \u00e0 sua acomoda\u00e7\u00e3o com a certeza de que teve uma experi\u00eancia \u00fanica e personalizada. Voc\u00ea sair\u00e1 com a promessa de que seu tempo em San Pedro de Atacama foi mais do que apenas uma excurs\u00e3o, foi um sonho que se tornou realidade. **Inclu\u00eddo:** &#8211; Ve\u00edculo particular de luxo. &#8211; Guia bil\u00edngue exclusivo. &#8211; Comida gourmet adaptada \u00e0s suas prefer\u00eancias. &#8211; Itiner\u00e1rio personalizado. &#8211; Flexibilidade de hor\u00e1rios e paradas. Esta experi\u00eancia privada foi projetada para aqueles que buscam o m\u00e1ximo de conforto, exclusividade e liberdade para explorar San Pedro de Atacama em seu pr\u00f3prio ritmo.<\/p>\n\t\t\t\t\t\t\t\t<\/div>\n\t\t\t\t<\/div>\n\t\t\t\t\t<\/div>\n\t\t\t\t<\/div>\n\t\t\t\t<\/div>\n\t\t","protected":false},"excerpt":{"rendered":"<p>Excurs\u00f5es privadas no Atacama Nomade Todas las excursiones tradicionales en San Pedro de Atacama pueden ser privadas. Adem\u00e1s, logramos crear [&hellip;]<\/p>\n","protected":false},"author":1,"featured_media":6102,"parent":0,"menu_order":0,"comment_status":"closed","ping_status":"closed","template":"","meta":{"site-sidebar-layout":"default","site-content-layout":"","ast-site-content-layout":"default","site-content-style":"default","site-sidebar-style":"default","ast-global-header-display":"","ast-banner-title-visibility":"","ast-main-header-display":"","ast-hfb-above-header-display":"","ast-hfb-below-header-display":"","ast-hfb-mobile-header-display":"","site-post-title":"","ast-breadcrumbs-content":"","ast-featured-img":"","footer-sml-layout":"","ast-disable-related-posts":"","theme-transparent-header-meta":"","adv-header-id-meta":"","stick-header-meta":"","header-above-stick-meta":"","header-main-stick-meta":"","header-below-stick-meta":"","astra-migrate-meta-layouts":"default","ast-page-background-enabled":"default","ast-page-background-meta":{"desktop":{"background-color":"var(--ast-global-color-5)","background-image":"","background-repeat":"repeat","background-position":"center center","background-size":"auto","background-attachment":"scroll","background-type":"","background-media":"","overlay-type":"","overlay-color":"","overlay-opacity":"","overlay-gradient":""},"tablet":{"background-color":"","background-image":"","background-repeat":"repeat","background-position":"center center","background-size":"auto","background-attachment":"scroll","background-type":"","background-media":"","overlay-type":"","overlay-color":"","overlay-opacity":"","overlay-gradient":""},"mobile":{"background-color":"","background-image":"","background-repeat":"repeat","background-position":"center center","background-size":"auto","background-attachment":"scroll","background-type":"","background-media":"","overlay-type":"","overlay-color":"","overlay-opacity":"","overlay-gradient":""}},"ast-content-background-meta":{"desktop":{"background-color":"var(--ast-global-color-4)","background-image":"","background-repeat":"repeat","background-position":"center center","background-size":"auto","background-attachment":"scroll","background-type":"","background-media":"","overlay-type":"","overlay-color":"","overlay-opacity":"","overlay-gradient":""},"tablet":{"background-color":"var(--ast-global-color-4)","background-image":"","background-repeat":"repeat","background-position":"center center","background-size":"auto","background-attachment":"scroll","background-type":"","background-media":"","overlay-type":"","overlay-color":"","overlay-opacity":"","overlay-gradient":""},"mobile":{"background-color":"var(--ast-global-color-4)","background-image":"","background-repeat":"repeat","background-position":"center center","background-size":"auto","background-attachment":"scroll","background-type":"","background-media":"","overlay-type":"","overlay-color":"","overlay-opacity":"","overlay-gradient":""}},"footnotes":""},"class_list":["post-7306","page","type-page","status-publish","has-post-thumbnail","hentry"],"yoast_head":"<!-- This site is optimized with the Yoast SEO plugin v27.0 - https:\/\/yoast.com\/product\/yoast-seo-wordpress\/ -->\n<title>Passeios particulares - Atacama N\u00f3made<\/title>\n<meta name=\"robots\" content=\"index, follow, max-snippet:-1, max-image-preview:large, max-video-preview:-1\" \/>\n<link rel=\"canonical\" href=\"https:\/\/atacamanomade.cl\/tours-privados\/\" \/>\n<meta property=\"og:locale\" content=\"pt_BR\" \/>\n<meta property=\"og:type\" content=\"article\" \/>\n<meta property=\"og:title\" content=\"Passeios particulares - Atacama N\u00f3made\" \/>\n<meta property=\"og:description\" content=\"Excurs\u00f5es privadas no Atacama Nomade Todas las excursiones tradicionales en San Pedro de Atacama pueden ser privadas. Adem\u00e1s, logramos crear [&hellip;]\" \/>\n<meta property=\"og:url\" content=\"https:\/\/atacamanomade.cl\/tours-privados\/\" \/>\n<meta property=\"og:site_name\" content=\"Atacama N\u00f3made\" \/>\n<meta property=\"article:publisher\" content=\"https:\/\/www.facebook.com\/profile.php?id=61557239294572\" \/>\n<meta property=\"article:modified_time\" content=\"2024-05-14T21:21:50+00:00\" \/>\n<meta property=\"og:image\" content=\"https:\/\/atacamanomade.cl\/wp-content\/uploads\/2024\/02\/Baltinache01.webp\" \/>\n\t<meta property=\"og:image:width\" content=\"900\" \/>\n\t<meta property=\"og:image:height\" content=\"490\" \/>\n\t<meta property=\"og:image:type\" content=\"image\/webp\" \/>\n<meta name=\"twitter:card\" content=\"summary_large_image\" \/>\n<meta name=\"twitter:label1\" content=\"Est. tempo de leitura\" \/>\n\t<meta name=\"twitter:data1\" content=\"4 minutos\" \/>\n<script type=\"application\/ld+json\" class=\"yoast-schema-graph\">{\"@context\":\"https:\/\/schema.org\",\"@graph\":[{\"@type\":\"WebPage\",\"@id\":\"https:\/\/atacamanomade.cl\/tours-privados\/\",\"url\":\"https:\/\/atacamanomade.cl\/tours-privados\/\",\"name\":\"Passeios particulares - Atacama N\u00f3made\",\"isPartOf\":{\"@id\":\"https:\/\/atacamanomade.cl\/#website\"},\"primaryImageOfPage\":{\"@id\":\"https:\/\/atacamanomade.cl\/tours-privados\/#primaryimage\"},\"image\":{\"@id\":\"https:\/\/atacamanomade.cl\/tours-privados\/#primaryimage\"},\"thumbnailUrl\":\"https:\/\/atacamanomade.cl\/wp-content\/uploads\/2024\/02\/Baltinache01.webp\",\"datePublished\":\"2024-05-14T14:46:52+00:00\",\"dateModified\":\"2024-05-14T21:21:50+00:00\",\"breadcrumb\":{\"@id\":\"https:\/\/atacamanomade.cl\/tours-privados\/#breadcrumb\"},\"inLanguage\":\"pt-BR\",\"potentialAction\":[{\"@type\":\"ReadAction\",\"target\":[\"https:\/\/atacamanomade.cl\/tours-privados\/\"]}]},{\"@type\":\"ImageObject\",\"inLanguage\":\"pt-BR\",\"@id\":\"https:\/\/atacamanomade.cl\/tours-privados\/#primaryimage\",\"url\":\"https:\/\/atacamanomade.cl\/wp-content\/uploads\/2024\/02\/Baltinache01.webp\",\"contentUrl\":\"https:\/\/atacamanomade.cl\/wp-content\/uploads\/2024\/02\/Baltinache01.webp\",\"width\":900,\"height\":490,\"caption\":\"tours privados san pedro de atacama\"},{\"@type\":\"BreadcrumbList\",\"@id\":\"https:\/\/atacamanomade.cl\/tours-privados\/#breadcrumb\",\"itemListElement\":[{\"@type\":\"ListItem\",\"position\":1,\"name\":\"Portada\",\"item\":\"https:\/\/atacamanomade.cl\/\"},{\"@type\":\"ListItem\",\"position\":2,\"name\":\"Passeios particulares\"}]},{\"@type\":\"WebSite\",\"@id\":\"https:\/\/atacamanomade.cl\/#website\",\"url\":\"https:\/\/atacamanomade.cl\/\",\"name\":\"Atacama N\u00f3made\",\"description\":\"Tours en San Pedro de Atacama \",\"publisher\":{\"@id\":\"https:\/\/atacamanomade.cl\/#organization\"},\"potentialAction\":[{\"@type\":\"SearchAction\",\"target\":{\"@type\":\"EntryPoint\",\"urlTemplate\":\"https:\/\/atacamanomade.cl\/?s={search_term_string}\"},\"query-input\":{\"@type\":\"PropertyValueSpecification\",\"valueRequired\":true,\"valueName\":\"search_term_string\"}}],\"inLanguage\":\"pt-BR\"},{\"@type\":\"Organization\",\"@id\":\"https:\/\/atacamanomade.cl\/#organization\",\"name\":\"Atacama N\u00f3made\",\"url\":\"https:\/\/atacamanomade.cl\/\",\"logo\":{\"@type\":\"ImageObject\",\"inLanguage\":\"pt-BR\",\"@id\":\"https:\/\/atacamanomade.cl\/#\/schema\/logo\/image\/\",\"url\":\"https:\/\/atacamanomade.cl\/wp-content\/uploads\/2024\/02\/Logo_AtacamaNomade-H-e1710969829763.webp\",\"contentUrl\":\"https:\/\/atacamanomade.cl\/wp-content\/uploads\/2024\/02\/Logo_AtacamaNomade-H-e1710969829763.webp\",\"width\":510,\"height\":236,\"caption\":\"Atacama N\u00f3made\"},\"image\":{\"@id\":\"https:\/\/atacamanomade.cl\/#\/schema\/logo\/image\/\"},\"sameAs\":[\"https:\/\/www.facebook.com\/profile.php?id=61557239294572\",\"https:\/\/www.instagram.com\/atacamanomade\/\"]}]}<\/script>\n<!-- \/ Yoast SEO plugin. -->","yoast_head_json":{"title":"Passeios particulares - Atacama N\u00f3made","robots":{"index":"index","follow":"follow","max-snippet":"max-snippet:-1","max-image-preview":"max-image-preview:large","max-video-preview":"max-video-preview:-1"},"canonical":"https:\/\/atacamanomade.cl\/tours-privados\/","og_locale":"pt_BR","og_type":"article","og_title":"Passeios particulares - Atacama N\u00f3made","og_description":"Excurs\u00f5es privadas no Atacama Nomade Todas las excursiones tradicionales en San Pedro de Atacama pueden ser privadas. Adem\u00e1s, logramos crear [&hellip;]","og_url":"https:\/\/atacamanomade.cl\/tours-privados\/","og_site_name":"Atacama N\u00f3made","article_publisher":"https:\/\/www.facebook.com\/profile.php?id=61557239294572","article_modified_time":"2024-05-14T21:21:50+00:00","og_image":[{"width":900,"height":490,"url":"https:\/\/atacamanomade.cl\/wp-content\/uploads\/2024\/02\/Baltinache01.webp","type":"image\/webp"}],"twitter_card":"summary_large_image","twitter_misc":{"Est. tempo de leitura":"4 minutos"},"schema":{"@context":"https:\/\/schema.org","@graph":[{"@type":"WebPage","@id":"https:\/\/atacamanomade.cl\/tours-privados\/","url":"https:\/\/atacamanomade.cl\/tours-privados\/","name":"Passeios particulares - Atacama N\u00f3made","isPartOf":{"@id":"https:\/\/atacamanomade.cl\/#website"},"primaryImageOfPage":{"@id":"https:\/\/atacamanomade.cl\/tours-privados\/#primaryimage"},"image":{"@id":"https:\/\/atacamanomade.cl\/tours-privados\/#primaryimage"},"thumbnailUrl":"https:\/\/atacamanomade.cl\/wp-content\/uploads\/2024\/02\/Baltinache01.webp","datePublished":"2024-05-14T14:46:52+00:00","dateModified":"2024-05-14T21:21:50+00:00","breadcrumb":{"@id":"https:\/\/atacamanomade.cl\/tours-privados\/#breadcrumb"},"inLanguage":"pt-BR","potentialAction":[{"@type":"ReadAction","target":["https:\/\/atacamanomade.cl\/tours-privados\/"]}]},{"@type":"ImageObject","inLanguage":"pt-BR","@id":"https:\/\/atacamanomade.cl\/tours-privados\/#primaryimage","url":"https:\/\/atacamanomade.cl\/wp-content\/uploads\/2024\/02\/Baltinache01.webp","contentUrl":"https:\/\/atacamanomade.cl\/wp-content\/uploads\/2024\/02\/Baltinache01.webp","width":900,"height":490,"caption":"tours privados san pedro de atacama"},{"@type":"BreadcrumbList","@id":"https:\/\/atacamanomade.cl\/tours-privados\/#breadcrumb","itemListElement":[{"@type":"ListItem","position":1,"name":"Portada","item":"https:\/\/atacamanomade.cl\/"},{"@type":"ListItem","position":2,"name":"Passeios particulares"}]},{"@type":"WebSite","@id":"https:\/\/atacamanomade.cl\/#website","url":"https:\/\/atacamanomade.cl\/","name":"Atacama N\u00f3made","description":"Tours en San Pedro de Atacama ","publisher":{"@id":"https:\/\/atacamanomade.cl\/#organization"},"potentialAction":[{"@type":"SearchAction","target":{"@type":"EntryPoint","urlTemplate":"https:\/\/atacamanomade.cl\/?s={search_term_string}"},"query-input":{"@type":"PropertyValueSpecification","valueRequired":true,"valueName":"search_term_string"}}],"inLanguage":"pt-BR"},{"@type":"Organization","@id":"https:\/\/atacamanomade.cl\/#organization","name":"Atacama N\u00f3made","url":"https:\/\/atacamanomade.cl\/","logo":{"@type":"ImageObject","inLanguage":"pt-BR","@id":"https:\/\/atacamanomade.cl\/#\/schema\/logo\/image\/","url":"https:\/\/atacamanomade.cl\/wp-content\/uploads\/2024\/02\/Logo_AtacamaNomade-H-e1710969829763.webp","contentUrl":"https:\/\/atacamanomade.cl\/wp-content\/uploads\/2024\/02\/Logo_AtacamaNomade-H-e1710969829763.webp","width":510,"height":236,"caption":"Atacama N\u00f3made"},"image":{"@id":"https:\/\/atacamanomade.cl\/#\/schema\/logo\/image\/"},"sameAs":["https:\/\/www.facebook.com\/profile.php?id=61557239294572","https:\/\/www.instagram.com\/atacamanomade\/"]}]}},"_links":{"self":[{"href":"https:\/\/atacamanomade.cl\/pt-br\/wp-json\/wp\/v2\/pages\/7306","targetHints":{"allow":["GET"]}}],"collection":[{"href":"https:\/\/atacamanomade.cl\/pt-br\/wp-json\/wp\/v2\/pages"}],"about":[{"href":"https:\/\/atacamanomade.cl\/pt-br\/wp-json\/wp\/v2\/types\/page"}],"author":[{"embeddable":true,"href":"https:\/\/atacamanomade.cl\/pt-br\/wp-json\/wp\/v2\/users\/1"}],"replies":[{"embeddable":true,"href":"https:\/\/atacamanomade.cl\/pt-br\/wp-json\/wp\/v2\/comments?post=7306"}],"version-history":[{"count":1,"href":"https:\/\/atacamanomade.cl\/pt-br\/wp-json\/wp\/v2\/pages\/7306\/revisions"}],"predecessor-version":[{"id":7307,"href":"https:\/\/atacamanomade.cl\/pt-br\/wp-json\/wp\/v2\/pages\/7306\/revisions\/7307"}],"wp:featuredmedia":[{"embeddable":true,"href":"https:\/\/atacamanomade.cl\/pt-br\/wp-json\/wp\/v2\/media\/6102"}],"wp:attachment":[{"href":"https:\/\/atacamanomade.cl\/pt-br\/wp-json\/wp\/v2\/media?parent=7306"}],"curies":[{"name":"wp","href":"https:\/\/api.w.org\/{rel}","templated":true}]}}