{"id":7285,"date":"2024-05-14T13:22:32","date_gmt":"2024-05-14T13:22:32","guid":{"rendered":"https:\/\/atacamanomade.cl\/atividades-2\/"},"modified":"2024-05-14T21:08:42","modified_gmt":"2024-05-14T21:08:42","slug":"atividades-2","status":"publish","type":"page","link":"https:\/\/atacamanomade.cl\/pt-br\/atividades-2\/","title":{"rendered":"Atividades"},"content":{"rendered":"\t\t<div data-elementor-type=\"wp-page\" data-elementor-id=\"7285\" class=\"elementor elementor-7285 elementor-7158\" data-elementor-post-type=\"page\">\n\t\t\t\t<div class=\"elementor-element elementor-element-81827c8 e-con-full e-flex e-con e-parent\" data-id=\"81827c8\" data-element_type=\"container\" data-e-type=\"container\" data-settings=\"{&quot;background_background&quot;:&quot;classic&quot;}\">\n\t\t\t\t<\/div>\n\t\t<div class=\"elementor-element elementor-element-03f8651 e-flex e-con-boxed e-con e-parent\" data-id=\"03f8651\" data-element_type=\"container\" data-e-type=\"container\">\n\t\t\t\t\t<div class=\"e-con-inner\">\n\t\t\t\t<div class=\"elementor-element elementor-element-dd13f32 elementor-widget elementor-widget-heading\" data-id=\"dd13f32\" data-element_type=\"widget\" data-e-type=\"widget\" data-widget_type=\"heading.default\">\n\t\t\t\t<div class=\"elementor-widget-container\">\n\t\t\t\t\t<h2 class=\"elementor-heading-title elementor-size-default\">Explore a magia de San Pedro de Atacama com a Atacama N\u00f3mad<\/h2>\t\t\t\t<\/div>\n\t\t\t\t<\/div>\n\t\t\t\t<div class=\"elementor-element elementor-element-444b5ca elementor-widget elementor-widget-text-editor\" data-id=\"444b5ca\" data-element_type=\"widget\" data-e-type=\"widget\" data-widget_type=\"text-editor.default\">\n\t\t\t\t<div class=\"elementor-widget-container\">\n\t\t\t\t\t\t\t\t\t<p>Descubra os segredos ocultos de San Pedro de Atacama com nossos passeios guiados e aventuras de trekking. Mergulhe em paisagens de outro mundo, onde vastos salares, g\u00eaiseres fumegantes e pores-do-sol coloridos esperam para contar suas hist\u00f3rias antigas. Nossos guias especializados o levar\u00e3o por caminhos menos percorridos, revelando a rica hist\u00f3ria e a cultura vibrante dessa terra m\u00e1gica. De caminhadas tranquilas pelo Vale da Lua a excurs\u00f5es emocionantes no cora\u00e7\u00e3o do deserto, cada passo \u00e9 um convite \u00e0 aventura &#8211; junte-se a n\u00f3s para uma experi\u00eancia inesquec\u00edvel em San Pedro de Atacama!<\/p>\n\t\t\t\t\t\t\t\t<\/div>\n\t\t\t\t<\/div>\n\t\t\t\t\t<\/div>\n\t\t\t\t<\/div>\n\t\t<div class=\"elementor-element elementor-element-97d1fa0 e-flex e-con-boxed e-con e-parent\" data-id=\"97d1fa0\" data-element_type=\"container\" data-e-type=\"container\">\n\t\t\t\t\t<div class=\"e-con-inner\">\n\t\t\t\t<div class=\"elementor-element elementor-element-cd670c3 meafe-about-content-align-left meafe-media-align-left elementor-widget elementor-widget-meafe-about\" data-id=\"cd670c3\" data-element_type=\"widget\" data-e-type=\"widget\" data-widget_type=\"meafe-about.default\">\n\t\t\t\t<div class=\"elementor-widget-container\">\n\t\t\t\t\t<div id=\"meafe-post-grid-cd670c3\" class=\"meafe-post-grid-container\">\n            <div class=\"meafe-post-grid meafe-post-appender meafe-post-appender-cd670c3\">\n                <article class=\"meafe-grid-post meafe-post-grid-column\" data-id=\"7308\">\n                    <div class=\"meafe-grid-post-holder\"><div class=\"meafe-entry-media\">\n                                <div class=\"meafe-entry-thumbnail\"><img decoding=\"async\" src=\"https:\/\/atacamanomade.cl\/wp-content\/uploads\/2024\/02\/Tours-500x410.webp\" alt=\"\"><\/div>\n                            <\/div><div class=\"meafe-grid-post-holder-inner\"><div class=\"meafe-entry-wrapper\"><header class=\"meafe-entry-header\"><h2 class=\"meafe-entry-title\"><a class=\"meafe-grid-post-link\" href=\"https:\/\/atacamanomade.cl\/pt-br\/passeios-tradicionais\/\" title=\"Passeios tradicionais\">Passeios tradicionais<\/a><\/h2><\/header><div class=\"meafe-entry-content\">\n                                            <div class=\"meafe-grid-post-excerpt\"><p>Passeios tradicionais em San Pedro de Atacam Conhe\u00e7a os passeios...<\/p><a href=\"https:\/\/atacamanomade.cl\/pt-br\/passeios-tradicionais\/\" class=\"meafe-about-elements-readmore-btn\">Leer M\u00e1s<\/a><\/div>\n                                        <\/div><\/div><\/div>\n                    <\/div>\n                <\/article>\n            <\/div>\n            <div class=\"clearfix\"><\/div>\n        <\/div>\t\t\t\t<\/div>\n\t\t\t\t<\/div>\n\t\t\t\t\t<\/div>\n\t\t\t\t<\/div>\n\t\t<div class=\"elementor-element elementor-element-ea894cb e-flex e-con-boxed e-con e-parent\" data-id=\"ea894cb\" data-element_type=\"container\" data-e-type=\"container\">\n\t\t\t\t\t<div class=\"e-con-inner\">\n\t\t\t\t<div class=\"elementor-element elementor-element-afd51ac meafe-about-content-align-left meafe-media-align-left elementor-widget elementor-widget-meafe-about\" data-id=\"afd51ac\" data-element_type=\"widget\" data-e-type=\"widget\" data-widget_type=\"meafe-about.default\">\n\t\t\t\t<div class=\"elementor-widget-container\">\n\t\t\t\t\t<div id=\"meafe-post-grid-afd51ac\" class=\"meafe-post-grid-container\">\n            <div class=\"meafe-post-grid meafe-post-appender meafe-post-appender-afd51ac\">\n                <article class=\"meafe-grid-post meafe-post-grid-column\" data-id=\"7306\">\n                    <div class=\"meafe-grid-post-holder\"><div class=\"meafe-entry-media\">\n                                <div class=\"meafe-entry-thumbnail\"><img decoding=\"async\" src=\"https:\/\/atacamanomade.cl\/wp-content\/uploads\/2024\/02\/Baltinache01-500x410.webp\" alt=\"tours privados san pedro de atacama\"><\/div>\n                            <\/div><div class=\"meafe-grid-post-holder-inner\"><div class=\"meafe-entry-wrapper\"><header class=\"meafe-entry-header\"><h2 class=\"meafe-entry-title\"><a class=\"meafe-grid-post-link\" href=\"https:\/\/atacamanomade.cl\/pt-br\/passeios-particulares\/\" title=\"Passeios particulares\">Passeios particulares<\/a><\/h2><\/header><div class=\"meafe-entry-content\">\n                                            <div class=\"meafe-grid-post-excerpt\"><p>Excurs\u00f5es privadas no Atacama Nomade Todas las excursiones tradicionales en...<\/p><a href=\"https:\/\/atacamanomade.cl\/pt-br\/passeios-particulares\/\" class=\"meafe-about-elements-readmore-btn\">Leer M\u00e1s<\/a><\/div>\n                                        <\/div><\/div><\/div>\n                    <\/div>\n                <\/article>\n            <\/div>\n            <div class=\"clearfix\"><\/div>\n        <\/div>\t\t\t\t<\/div>\n\t\t\t\t<\/div>\n\t\t\t\t\t<\/div>\n\t\t\t\t<\/div>\n\t\t<div class=\"elementor-element elementor-element-ed73918 e-flex e-con-boxed e-con e-parent\" data-id=\"ed73918\" data-element_type=\"container\" data-e-type=\"container\">\n\t\t\t\t\t<div class=\"e-con-inner\">\n\t\t\t\t<div class=\"elementor-element elementor-element-e8b63b9 meafe-about-content-align-left meafe-media-align-left elementor-widget elementor-widget-meafe-about\" data-id=\"e8b63b9\" data-element_type=\"widget\" data-e-type=\"widget\" data-widget_type=\"meafe-about.default\">\n\t\t\t\t<div class=\"elementor-widget-container\">\n\t\t\t\t\t<div id=\"meafe-post-grid-e8b63b9\" class=\"meafe-post-grid-container\">\n            <div class=\"meafe-post-grid meafe-post-appender meafe-post-appender-e8b63b9\">\n                <article class=\"meafe-grid-post meafe-post-grid-column\" data-id=\"7310\">\n                    <div class=\"meafe-grid-post-holder\"><div class=\"meafe-entry-media\">\n                                <div class=\"meafe-entry-thumbnail\"><img decoding=\"async\" src=\"https:\/\/atacamanomade.cl\/wp-content\/uploads\/2024\/02\/Trekking03-01-500x410.webp\" alt=\"\"><\/div>\n                            <\/div><div class=\"meafe-grid-post-holder-inner\"><div class=\"meafe-entry-wrapper\"><header class=\"meafe-entry-header\"><h2 class=\"meafe-entry-title\"><a class=\"meafe-grid-post-link\" href=\"https:\/\/atacamanomade.cl\/pt-br\/trekkings\/\" title=\"Trekkings\">Trekkings<\/a><\/h2><\/header><div class=\"meafe-entry-content\">\n                                            <div class=\"meafe-grid-post-excerpt\"><p>Rotas de trekking com a Atacama Nomad Embarque em emocionantes...<\/p><a href=\"https:\/\/atacamanomade.cl\/pt-br\/trekkings\/\" class=\"meafe-about-elements-readmore-btn\">Leer M\u00e1s<\/a><\/div>\n                                        <\/div><\/div><\/div>\n                    <\/div>\n                <\/article>\n            <\/div>\n            <div class=\"clearfix\"><\/div>\n        <\/div>\t\t\t\t<\/div>\n\t\t\t\t<\/div>\n\t\t\t\t\t<\/div>\n\t\t\t\t<\/div>\n\t\t\t\t<\/div>\n\t\t","protected":false},"excerpt":{"rendered":"<p>Explore a magia de San Pedro de Atacama com a Atacama N\u00f3mad Descubra os segredos ocultos de San Pedro de [&hellip;]<\/p>\n","protected":false},"author":1,"featured_media":0,"parent":0,"menu_order":0,"comment_status":"closed","ping_status":"closed","template":"","meta":{"site-sidebar-layout":"default","site-content-layout":"","ast-site-content-layout":"default","site-content-style":"default","site-sidebar-style":"default","ast-global-header-display":"","ast-banner-title-visibility":"","ast-main-header-display":"","ast-hfb-above-header-display":"","ast-hfb-below-header-display":"","ast-hfb-mobile-header-display":"","site-post-title":"","ast-breadcrumbs-content":"","ast-featured-img":"","footer-sml-layout":"","ast-disable-related-posts":"","theme-transparent-header-meta":"","adv-header-id-meta":"","stick-header-meta":"","header-above-stick-meta":"","header-main-stick-meta":"","header-below-stick-meta":"","astra-migrate-meta-layouts":"default","ast-page-background-enabled":"default","ast-page-background-meta":{"desktop":{"background-color":"var(--ast-global-color-5)","background-image":"","background-repeat":"repeat","background-position":"center center","background-size":"auto","background-attachment":"scroll","background-type":"","background-media":"","overlay-type":"","overlay-color":"","overlay-opacity":"","overlay-gradient":""},"tablet":{"background-color":"","background-image":"","background-repeat":"repeat","background-position":"center center","background-size":"auto","background-attachment":"scroll","background-type":"","background-media":"","overlay-type":"","overlay-color":"","overlay-opacity":"","overlay-gradient":""},"mobile":{"background-color":"","background-image":"","background-repeat":"repeat","background-position":"center center","background-size":"auto","background-attachment":"scroll","background-type":"","background-media":"","overlay-type":"","overlay-color":"","overlay-opacity":"","overlay-gradient":""}},"ast-content-background-meta":{"desktop":{"background-color":"var(--ast-global-color-4)","background-image":"","background-repeat":"repeat","background-position":"center center","background-size":"auto","background-attachment":"scroll","background-type":"","background-media":"","overlay-type":"","overlay-color":"","overlay-opacity":"","overlay-gradient":""},"tablet":{"background-color":"var(--ast-global-color-4)","background-image":"","background-repeat":"repeat","background-position":"center center","background-size":"auto","background-attachment":"scroll","background-type":"","background-media":"","overlay-type":"","overlay-color":"","overlay-opacity":"","overlay-gradient":""},"mobile":{"background-color":"var(--ast-global-color-4)","background-image":"","background-repeat":"repeat","background-position":"center center","background-size":"auto","background-attachment":"scroll","background-type":"","background-media":"","overlay-type":"","overlay-color":"","overlay-opacity":"","overlay-gradient":""}},"footnotes":""},"class_list":["post-7285","page","type-page","status-publish","hentry"],"yoast_head":"<!-- This site is optimized with the Yoast SEO plugin v27.0 - https:\/\/yoast.com\/product\/yoast-seo-wordpress\/ -->\n<title>Atividades - Atacama N\u00f3made<\/title>\n<meta name=\"robots\" content=\"index, follow, max-snippet:-1, max-image-preview:large, max-video-preview:-1\" \/>\n<link rel=\"canonical\" href=\"https:\/\/atacamanomade.cl\/actividades\/\" \/>\n<meta property=\"og:locale\" content=\"pt_BR\" \/>\n<meta property=\"og:type\" content=\"article\" \/>\n<meta property=\"og:title\" content=\"Atividades - Atacama N\u00f3made\" \/>\n<meta property=\"og:description\" content=\"Explore a magia de San Pedro de Atacama com a Atacama N\u00f3mad Descubra os segredos ocultos de San Pedro de [&hellip;]\" \/>\n<meta property=\"og:url\" content=\"https:\/\/atacamanomade.cl\/actividades\/\" \/>\n<meta property=\"og:site_name\" content=\"Atacama N\u00f3made\" \/>\n<meta property=\"article:publisher\" content=\"https:\/\/www.facebook.com\/profile.php?id=61557239294572\" \/>\n<meta property=\"article:modified_time\" content=\"2024-05-14T21:08:42+00:00\" \/>\n<meta property=\"og:image\" content=\"https:\/\/atacamanomade.cl\/wp-content\/uploads\/2024\/02\/Tours-500x410.webp\" \/>\n<meta name=\"twitter:card\" content=\"summary_large_image\" \/>\n<meta name=\"twitter:label1\" content=\"Est. tempo de leitura\" \/>\n\t<meta name=\"twitter:data1\" content=\"1 minuto\" \/>\n<script type=\"application\/ld+json\" class=\"yoast-schema-graph\">{\"@context\":\"https:\/\/schema.org\",\"@graph\":[{\"@type\":\"WebPage\",\"@id\":\"https:\/\/atacamanomade.cl\/actividades\/\",\"url\":\"https:\/\/atacamanomade.cl\/actividades\/\",\"name\":\"Atividades - Atacama N\u00f3made\",\"isPartOf\":{\"@id\":\"https:\/\/atacamanomade.cl\/#website\"},\"primaryImageOfPage\":{\"@id\":\"https:\/\/atacamanomade.cl\/actividades\/#primaryimage\"},\"image\":{\"@id\":\"https:\/\/atacamanomade.cl\/actividades\/#primaryimage\"},\"thumbnailUrl\":\"https:\/\/atacamanomade.cl\/wp-content\/uploads\/2024\/02\/Tours-500x410.webp\",\"datePublished\":\"2024-05-14T13:22:32+00:00\",\"dateModified\":\"2024-05-14T21:08:42+00:00\",\"breadcrumb\":{\"@id\":\"https:\/\/atacamanomade.cl\/actividades\/#breadcrumb\"},\"inLanguage\":\"pt-BR\",\"potentialAction\":[{\"@type\":\"ReadAction\",\"target\":[\"https:\/\/atacamanomade.cl\/actividades\/\"]}]},{\"@type\":\"ImageObject\",\"inLanguage\":\"pt-BR\",\"@id\":\"https:\/\/atacamanomade.cl\/actividades\/#primaryimage\",\"url\":\"https:\/\/atacamanomade.cl\/wp-content\/uploads\/2024\/02\/Tours-500x410.webp\",\"contentUrl\":\"https:\/\/atacamanomade.cl\/wp-content\/uploads\/2024\/02\/Tours-500x410.webp\"},{\"@type\":\"BreadcrumbList\",\"@id\":\"https:\/\/atacamanomade.cl\/actividades\/#breadcrumb\",\"itemListElement\":[{\"@type\":\"ListItem\",\"position\":1,\"name\":\"Portada\",\"item\":\"https:\/\/atacamanomade.cl\/\"},{\"@type\":\"ListItem\",\"position\":2,\"name\":\"Atividades\"}]},{\"@type\":\"WebSite\",\"@id\":\"https:\/\/atacamanomade.cl\/#website\",\"url\":\"https:\/\/atacamanomade.cl\/\",\"name\":\"Atacama N\u00f3made\",\"description\":\"Tours en San Pedro de Atacama \",\"publisher\":{\"@id\":\"https:\/\/atacamanomade.cl\/#organization\"},\"potentialAction\":[{\"@type\":\"SearchAction\",\"target\":{\"@type\":\"EntryPoint\",\"urlTemplate\":\"https:\/\/atacamanomade.cl\/?s={search_term_string}\"},\"query-input\":{\"@type\":\"PropertyValueSpecification\",\"valueRequired\":true,\"valueName\":\"search_term_string\"}}],\"inLanguage\":\"pt-BR\"},{\"@type\":\"Organization\",\"@id\":\"https:\/\/atacamanomade.cl\/#organization\",\"name\":\"Atacama N\u00f3made\",\"url\":\"https:\/\/atacamanomade.cl\/\",\"logo\":{\"@type\":\"ImageObject\",\"inLanguage\":\"pt-BR\",\"@id\":\"https:\/\/atacamanomade.cl\/#\/schema\/logo\/image\/\",\"url\":\"https:\/\/atacamanomade.cl\/wp-content\/uploads\/2024\/02\/Logo_AtacamaNomade-H-e1710969829763.webp\",\"contentUrl\":\"https:\/\/atacamanomade.cl\/wp-content\/uploads\/2024\/02\/Logo_AtacamaNomade-H-e1710969829763.webp\",\"width\":510,\"height\":236,\"caption\":\"Atacama N\u00f3made\"},\"image\":{\"@id\":\"https:\/\/atacamanomade.cl\/#\/schema\/logo\/image\/\"},\"sameAs\":[\"https:\/\/www.facebook.com\/profile.php?id=61557239294572\",\"https:\/\/www.instagram.com\/atacamanomade\/\"]}]}<\/script>\n<!-- \/ Yoast SEO plugin. -->","yoast_head_json":{"title":"Atividades - Atacama N\u00f3made","robots":{"index":"index","follow":"follow","max-snippet":"max-snippet:-1","max-image-preview":"max-image-preview:large","max-video-preview":"max-video-preview:-1"},"canonical":"https:\/\/atacamanomade.cl\/actividades\/","og_locale":"pt_BR","og_type":"article","og_title":"Atividades - Atacama N\u00f3made","og_description":"Explore a magia de San Pedro de Atacama com a Atacama N\u00f3mad Descubra os segredos ocultos de San Pedro de [&hellip;]","og_url":"https:\/\/atacamanomade.cl\/actividades\/","og_site_name":"Atacama N\u00f3made","article_publisher":"https:\/\/www.facebook.com\/profile.php?id=61557239294572","article_modified_time":"2024-05-14T21:08:42+00:00","og_image":[{"url":"https:\/\/atacamanomade.cl\/wp-content\/uploads\/2024\/02\/Tours-500x410.webp","type":"","width":"","height":""}],"twitter_card":"summary_large_image","twitter_misc":{"Est. tempo de leitura":"1 minuto"},"schema":{"@context":"https:\/\/schema.org","@graph":[{"@type":"WebPage","@id":"https:\/\/atacamanomade.cl\/actividades\/","url":"https:\/\/atacamanomade.cl\/actividades\/","name":"Atividades - Atacama N\u00f3made","isPartOf":{"@id":"https:\/\/atacamanomade.cl\/#website"},"primaryImageOfPage":{"@id":"https:\/\/atacamanomade.cl\/actividades\/#primaryimage"},"image":{"@id":"https:\/\/atacamanomade.cl\/actividades\/#primaryimage"},"thumbnailUrl":"https:\/\/atacamanomade.cl\/wp-content\/uploads\/2024\/02\/Tours-500x410.webp","datePublished":"2024-05-14T13:22:32+00:00","dateModified":"2024-05-14T21:08:42+00:00","breadcrumb":{"@id":"https:\/\/atacamanomade.cl\/actividades\/#breadcrumb"},"inLanguage":"pt-BR","potentialAction":[{"@type":"ReadAction","target":["https:\/\/atacamanomade.cl\/actividades\/"]}]},{"@type":"ImageObject","inLanguage":"pt-BR","@id":"https:\/\/atacamanomade.cl\/actividades\/#primaryimage","url":"https:\/\/atacamanomade.cl\/wp-content\/uploads\/2024\/02\/Tours-500x410.webp","contentUrl":"https:\/\/atacamanomade.cl\/wp-content\/uploads\/2024\/02\/Tours-500x410.webp"},{"@type":"BreadcrumbList","@id":"https:\/\/atacamanomade.cl\/actividades\/#breadcrumb","itemListElement":[{"@type":"ListItem","position":1,"name":"Portada","item":"https:\/\/atacamanomade.cl\/"},{"@type":"ListItem","position":2,"name":"Atividades"}]},{"@type":"WebSite","@id":"https:\/\/atacamanomade.cl\/#website","url":"https:\/\/atacamanomade.cl\/","name":"Atacama N\u00f3made","description":"Tours en San Pedro de Atacama ","publisher":{"@id":"https:\/\/atacamanomade.cl\/#organization"},"potentialAction":[{"@type":"SearchAction","target":{"@type":"EntryPoint","urlTemplate":"https:\/\/atacamanomade.cl\/?s={search_term_string}"},"query-input":{"@type":"PropertyValueSpecification","valueRequired":true,"valueName":"search_term_string"}}],"inLanguage":"pt-BR"},{"@type":"Organization","@id":"https:\/\/atacamanomade.cl\/#organization","name":"Atacama N\u00f3made","url":"https:\/\/atacamanomade.cl\/","logo":{"@type":"ImageObject","inLanguage":"pt-BR","@id":"https:\/\/atacamanomade.cl\/#\/schema\/logo\/image\/","url":"https:\/\/atacamanomade.cl\/wp-content\/uploads\/2024\/02\/Logo_AtacamaNomade-H-e1710969829763.webp","contentUrl":"https:\/\/atacamanomade.cl\/wp-content\/uploads\/2024\/02\/Logo_AtacamaNomade-H-e1710969829763.webp","width":510,"height":236,"caption":"Atacama N\u00f3made"},"image":{"@id":"https:\/\/atacamanomade.cl\/#\/schema\/logo\/image\/"},"sameAs":["https:\/\/www.facebook.com\/profile.php?id=61557239294572","https:\/\/www.instagram.com\/atacamanomade\/"]}]}},"_links":{"self":[{"href":"https:\/\/atacamanomade.cl\/pt-br\/wp-json\/wp\/v2\/pages\/7285","targetHints":{"allow":["GET"]}}],"collection":[{"href":"https:\/\/atacamanomade.cl\/pt-br\/wp-json\/wp\/v2\/pages"}],"about":[{"href":"https:\/\/atacamanomade.cl\/pt-br\/wp-json\/wp\/v2\/types\/page"}],"author":[{"embeddable":true,"href":"https:\/\/atacamanomade.cl\/pt-br\/wp-json\/wp\/v2\/users\/1"}],"replies":[{"embeddable":true,"href":"https:\/\/atacamanomade.cl\/pt-br\/wp-json\/wp\/v2\/comments?post=7285"}],"version-history":[{"count":1,"href":"https:\/\/atacamanomade.cl\/pt-br\/wp-json\/wp\/v2\/pages\/7285\/revisions"}],"predecessor-version":[{"id":7286,"href":"https:\/\/atacamanomade.cl\/pt-br\/wp-json\/wp\/v2\/pages\/7285\/revisions\/7286"}],"wp:attachment":[{"href":"https:\/\/atacamanomade.cl\/pt-br\/wp-json\/wp\/v2\/media?parent=7285"}],"curies":[{"name":"wp","href":"https:\/\/api.w.org\/{rel}","templated":true}]}}