{"id":7128,"date":"2024-05-13T21:32:09","date_gmt":"2024-05-13T21:32:09","guid":{"rendered":"https:\/\/atacamanomade.cl\/destinos-2\/"},"modified":"2024-05-14T21:10:50","modified_gmt":"2024-05-14T21:10:50","slug":"destinos-2","status":"publish","type":"page","link":"https:\/\/atacamanomade.cl\/pt-br\/destinos-2\/","title":{"rendered":"Destinos"},"content":{"rendered":"\t\t<div data-elementor-type=\"wp-page\" data-elementor-id=\"7128\" class=\"elementor elementor-7128 elementor-7099\" data-elementor-post-type=\"page\">\n\t\t\t\t<div class=\"elementor-element elementor-element-7973917 e-con-full e-flex e-con e-parent\" data-id=\"7973917\" data-element_type=\"container\" data-e-type=\"container\" data-settings=\"{&quot;background_background&quot;:&quot;classic&quot;}\">\n\t\t\t\t<\/div>\n\t\t<div class=\"elementor-element elementor-element-9fdc832 e-flex e-con-boxed e-con e-parent\" data-id=\"9fdc832\" data-element_type=\"container\" data-e-type=\"container\">\n\t\t\t\t\t<div class=\"e-con-inner\">\n\t\t\t\t<div class=\"elementor-element elementor-element-f20134e elementor-widget elementor-widget-heading\" data-id=\"f20134e\" data-element_type=\"widget\" data-e-type=\"widget\" data-widget_type=\"heading.default\">\n\t\t\t\t<div class=\"elementor-widget-container\">\n\t\t\t\t\t<h2 class=\"elementor-heading-title elementor-size-default\">Explore Uyuni e San Pedro de Atacam<\/h2>\t\t\t\t<\/div>\n\t\t\t\t<\/div>\n\t\t\t\t\t<\/div>\n\t\t\t\t<\/div>\n\t\t<div class=\"elementor-element elementor-element-9054b9b e-flex e-con-boxed e-con e-parent\" data-id=\"9054b9b\" data-element_type=\"container\" data-e-type=\"container\">\n\t\t\t\t\t<div class=\"e-con-inner\">\n\t\t\t\t<div class=\"elementor-element elementor-element-5bb1fd9 elementor-widget elementor-widget-text-editor\" data-id=\"5bb1fd9\" data-element_type=\"widget\" data-e-type=\"widget\" data-widget_type=\"text-editor.default\">\n\t\t\t\t<div class=\"elementor-widget-container\">\n\t\t\t\t\t\t\t\t\t<p>Mergulhe nas aventuras \u00fanicas que esperam por voc\u00ea no Salar de Uyuni e em San Pedro de Atacama. Do deslumbrante espelho natural do maior deserto de sal do mundo ao c\u00e9u estrelado de tirar o f\u00f4lego do deserto mais seco, esses destinos oferecem experi\u00eancias inesquec\u00edveis. Experimente a emo\u00e7\u00e3o de explorar paisagens surreais, participar de atividades ao ar livre e descobrir culturas ricas e antigas. Prepare-se para uma jornada de descoberta e aventura em dois dos lugares mais extraordin\u00e1rios da Am\u00e9rica do Sul.<\/p>\n\t\t\t\t\t\t\t\t<\/div>\n\t\t\t\t<\/div>\n\t\t\t\t\t<\/div>\n\t\t\t\t<\/div>\n\t\t<div class=\"elementor-element elementor-element-c5c4b25 e-flex e-con-boxed e-con e-parent\" data-id=\"c5c4b25\" data-element_type=\"container\" data-e-type=\"container\">\n\t\t\t\t\t<div class=\"e-con-inner\">\n\t\t\t\t<div class=\"elementor-element elementor-element-2e8474c meafe-about-content-align-left meafe-media-align-left elementor-widget elementor-widget-meafe-about\" data-id=\"2e8474c\" data-element_type=\"widget\" data-e-type=\"widget\" data-widget_type=\"meafe-about.default\">\n\t\t\t\t<div class=\"elementor-widget-container\">\n\t\t\t\t\t<div id=\"meafe-post-grid-2e8474c\" class=\"meafe-post-grid-container\">\n            <div class=\"meafe-post-grid meafe-post-appender meafe-post-appender-2e8474c\">\n                <article class=\"meafe-grid-post meafe-post-grid-column\" data-id=\"7136\">\n                    <div class=\"meafe-grid-post-holder\"><div class=\"meafe-entry-media\">\n                                <div class=\"meafe-entry-thumbnail\"><img decoding=\"async\" src=\"https:\/\/atacamanomade.cl\/wp-content\/uploads\/2024\/05\/Sal_Uyuni-500x410.webp\" alt=\"\"><\/div>\n                            <\/div><div class=\"meafe-grid-post-holder-inner\"><div class=\"meafe-entry-wrapper\"><header class=\"meafe-entry-header\"><h2 class=\"meafe-entry-title\"><a class=\"meafe-grid-post-link\" href=\"https:\/\/atacamanomade.cl\/pt-br\/uyuni-bolivia\/\" title=\"Uyuni Bolivia\">Uyuni Bolivia<\/a><\/h2><\/header><div class=\"meafe-entry-content\">\n                                            <div class=\"meafe-grid-post-excerpt\"><p>Explorando Uyuni: um guia para descobrir o maior deserto de sal do mundo Introdu\u00e7\u00e3o a Uyuni Descubra Uyuni, uma maravilha...<\/p><a href=\"https:\/\/atacamanomade.cl\/pt-br\/uyuni-bolivia\/\" class=\"meafe-about-elements-readmore-btn\">Leer Mas<\/a><\/div>\n                                        <\/div><\/div><\/div>\n                    <\/div>\n                <\/article>\n            <\/div>\n            <div class=\"clearfix\"><\/div>\n        <\/div>\t\t\t\t<\/div>\n\t\t\t\t<\/div>\n\t\t\t\t\t<\/div>\n\t\t\t\t<\/div>\n\t\t<div class=\"elementor-element elementor-element-4104bc0 e-flex e-con-boxed e-con e-parent\" data-id=\"4104bc0\" data-element_type=\"container\" data-e-type=\"container\">\n\t\t\t\t\t<div class=\"e-con-inner\">\n\t\t\t\t<div class=\"elementor-element elementor-element-be2cb40 meafe-about-content-align-left meafe-media-align-left elementor-widget elementor-widget-meafe-about\" data-id=\"be2cb40\" data-element_type=\"widget\" data-e-type=\"widget\" data-widget_type=\"meafe-about.default\">\n\t\t\t\t<div class=\"elementor-widget-container\">\n\t\t\t\t\t<div id=\"meafe-post-grid-be2cb40\" class=\"meafe-post-grid-container\">\n            <div class=\"meafe-post-grid meafe-post-appender meafe-post-appender-be2cb40\">\n                <article class=\"meafe-grid-post meafe-post-grid-column\" data-id=\"7130\">\n                    <div class=\"meafe-grid-post-holder\"><div class=\"meafe-entry-media\">\n                                <div class=\"meafe-entry-thumbnail\"><img decoding=\"async\" src=\"https:\/\/atacamanomade.cl\/wp-content\/uploads\/2024\/02\/SanPedro-1-500x410.webp\" alt=\"San pedro de Atacama\"><\/div>\n                            <\/div><div class=\"meafe-grid-post-holder-inner\"><div class=\"meafe-entry-wrapper\"><header class=\"meafe-entry-header\"><h2 class=\"meafe-entry-title\"><a class=\"meafe-grid-post-link\" href=\"https:\/\/atacamanomade.cl\/pt-br\/san-pedro-de-atacama\/\" title=\"San Pedro de Atacama\">San Pedro de Atacama<\/a><\/h2><\/header><div class=\"meafe-entry-content\">\n                                            <div class=\"meafe-grid-post-excerpt\"><p>San Pedro de Atacama: um o\u00e1sis de beleza no deserto chileno Introdu\u00e7\u00e3o a San Pedro de Atacama Descubra a magia...<\/p><a href=\"https:\/\/atacamanomade.cl\/pt-br\/san-pedro-de-atacama\/\" class=\"meafe-about-elements-readmore-btn\">Leer Mas<\/a><\/div>\n                                        <\/div><\/div><\/div>\n                    <\/div>\n                <\/article>\n            <\/div>\n            <div class=\"clearfix\"><\/div>\n        <\/div>\t\t\t\t<\/div>\n\t\t\t\t<\/div>\n\t\t\t\t\t<\/div>\n\t\t\t\t<\/div>\n\t\t\t\t<\/div>\n\t\t","protected":false},"excerpt":{"rendered":"<p>Explore Uyuni e San Pedro de Atacam Mergulhe nas aventuras \u00fanicas que esperam por voc\u00ea no Salar de Uyuni e [&hellip;]<\/p>\n","protected":false},"author":1,"featured_media":0,"parent":0,"menu_order":0,"comment_status":"closed","ping_status":"closed","template":"","meta":{"site-sidebar-layout":"default","site-content-layout":"","ast-site-content-layout":"default","site-content-style":"default","site-sidebar-style":"default","ast-global-header-display":"","ast-banner-title-visibility":"","ast-main-header-display":"","ast-hfb-above-header-display":"","ast-hfb-below-header-display":"","ast-hfb-mobile-header-display":"","site-post-title":"","ast-breadcrumbs-content":"","ast-featured-img":"","footer-sml-layout":"","ast-disable-related-posts":"","theme-transparent-header-meta":"","adv-header-id-meta":"","stick-header-meta":"","header-above-stick-meta":"","header-main-stick-meta":"","header-below-stick-meta":"","astra-migrate-meta-layouts":"default","ast-page-background-enabled":"default","ast-page-background-meta":{"desktop":{"background-color":"var(--ast-global-color-5)","background-image":"","background-repeat":"repeat","background-position":"center center","background-size":"auto","background-attachment":"scroll","background-type":"","background-media":"","overlay-type":"","overlay-color":"","overlay-opacity":"","overlay-gradient":""},"tablet":{"background-color":"","background-image":"","background-repeat":"repeat","background-position":"center center","background-size":"auto","background-attachment":"scroll","background-type":"","background-media":"","overlay-type":"","overlay-color":"","overlay-opacity":"","overlay-gradient":""},"mobile":{"background-color":"","background-image":"","background-repeat":"repeat","background-position":"center center","background-size":"auto","background-attachment":"scroll","background-type":"","background-media":"","overlay-type":"","overlay-color":"","overlay-opacity":"","overlay-gradient":""}},"ast-content-background-meta":{"desktop":{"background-color":"var(--ast-global-color-4)","background-image":"","background-repeat":"repeat","background-position":"center center","background-size":"auto","background-attachment":"scroll","background-type":"","background-media":"","overlay-type":"","overlay-color":"","overlay-opacity":"","overlay-gradient":""},"tablet":{"background-color":"var(--ast-global-color-4)","background-image":"","background-repeat":"repeat","background-position":"center center","background-size":"auto","background-attachment":"scroll","background-type":"","background-media":"","overlay-type":"","overlay-color":"","overlay-opacity":"","overlay-gradient":""},"mobile":{"background-color":"var(--ast-global-color-4)","background-image":"","background-repeat":"repeat","background-position":"center center","background-size":"auto","background-attachment":"scroll","background-type":"","background-media":"","overlay-type":"","overlay-color":"","overlay-opacity":"","overlay-gradient":""}},"footnotes":""},"class_list":["post-7128","page","type-page","status-publish","hentry"],"yoast_head":"<!-- This site is optimized with the Yoast SEO plugin v27.0 - https:\/\/yoast.com\/product\/yoast-seo-wordpress\/ -->\n<title>Destinos - Atacama N\u00f3made<\/title>\n<meta name=\"robots\" content=\"index, follow, max-snippet:-1, max-image-preview:large, max-video-preview:-1\" \/>\n<link rel=\"canonical\" href=\"https:\/\/atacamanomade.cl\/destinos\/\" \/>\n<meta property=\"og:locale\" content=\"pt_BR\" \/>\n<meta property=\"og:type\" content=\"article\" \/>\n<meta property=\"og:title\" content=\"Destinos - Atacama N\u00f3made\" \/>\n<meta property=\"og:description\" content=\"Explore Uyuni e San Pedro de Atacam Mergulhe nas aventuras \u00fanicas que esperam por voc\u00ea no Salar de Uyuni e [&hellip;]\" \/>\n<meta property=\"og:url\" content=\"https:\/\/atacamanomade.cl\/destinos\/\" \/>\n<meta property=\"og:site_name\" content=\"Atacama N\u00f3made\" \/>\n<meta property=\"article:publisher\" content=\"https:\/\/www.facebook.com\/profile.php?id=61557239294572\" \/>\n<meta property=\"article:modified_time\" content=\"2024-05-14T21:10:50+00:00\" \/>\n<meta property=\"og:image\" content=\"https:\/\/atacamanomade.cl\/wp-content\/uploads\/2024\/05\/Sal_Uyuni-500x410.webp\" \/>\n<meta name=\"twitter:card\" content=\"summary_large_image\" \/>\n<meta name=\"twitter:label1\" content=\"Est. tempo de leitura\" \/>\n\t<meta name=\"twitter:data1\" content=\"1 minuto\" \/>\n<script type=\"application\/ld+json\" class=\"yoast-schema-graph\">{\"@context\":\"https:\/\/schema.org\",\"@graph\":[{\"@type\":\"WebPage\",\"@id\":\"https:\/\/atacamanomade.cl\/destinos\/\",\"url\":\"https:\/\/atacamanomade.cl\/destinos\/\",\"name\":\"Destinos - Atacama N\u00f3made\",\"isPartOf\":{\"@id\":\"https:\/\/atacamanomade.cl\/#website\"},\"primaryImageOfPage\":{\"@id\":\"https:\/\/atacamanomade.cl\/destinos\/#primaryimage\"},\"image\":{\"@id\":\"https:\/\/atacamanomade.cl\/destinos\/#primaryimage\"},\"thumbnailUrl\":\"https:\/\/atacamanomade.cl\/wp-content\/uploads\/2024\/05\/Sal_Uyuni-500x410.webp\",\"datePublished\":\"2024-05-13T21:32:09+00:00\",\"dateModified\":\"2024-05-14T21:10:50+00:00\",\"breadcrumb\":{\"@id\":\"https:\/\/atacamanomade.cl\/destinos\/#breadcrumb\"},\"inLanguage\":\"pt-BR\",\"potentialAction\":[{\"@type\":\"ReadAction\",\"target\":[\"https:\/\/atacamanomade.cl\/destinos\/\"]}]},{\"@type\":\"ImageObject\",\"inLanguage\":\"pt-BR\",\"@id\":\"https:\/\/atacamanomade.cl\/destinos\/#primaryimage\",\"url\":\"https:\/\/atacamanomade.cl\/wp-content\/uploads\/2024\/05\/Sal_Uyuni-500x410.webp\",\"contentUrl\":\"https:\/\/atacamanomade.cl\/wp-content\/uploads\/2024\/05\/Sal_Uyuni-500x410.webp\"},{\"@type\":\"BreadcrumbList\",\"@id\":\"https:\/\/atacamanomade.cl\/destinos\/#breadcrumb\",\"itemListElement\":[{\"@type\":\"ListItem\",\"position\":1,\"name\":\"Portada\",\"item\":\"https:\/\/atacamanomade.cl\/\"},{\"@type\":\"ListItem\",\"position\":2,\"name\":\"Destinos\"}]},{\"@type\":\"WebSite\",\"@id\":\"https:\/\/atacamanomade.cl\/#website\",\"url\":\"https:\/\/atacamanomade.cl\/\",\"name\":\"Atacama N\u00f3made\",\"description\":\"Tours en San Pedro de Atacama \",\"publisher\":{\"@id\":\"https:\/\/atacamanomade.cl\/#organization\"},\"potentialAction\":[{\"@type\":\"SearchAction\",\"target\":{\"@type\":\"EntryPoint\",\"urlTemplate\":\"https:\/\/atacamanomade.cl\/?s={search_term_string}\"},\"query-input\":{\"@type\":\"PropertyValueSpecification\",\"valueRequired\":true,\"valueName\":\"search_term_string\"}}],\"inLanguage\":\"pt-BR\"},{\"@type\":\"Organization\",\"@id\":\"https:\/\/atacamanomade.cl\/#organization\",\"name\":\"Atacama N\u00f3made\",\"url\":\"https:\/\/atacamanomade.cl\/\",\"logo\":{\"@type\":\"ImageObject\",\"inLanguage\":\"pt-BR\",\"@id\":\"https:\/\/atacamanomade.cl\/#\/schema\/logo\/image\/\",\"url\":\"https:\/\/atacamanomade.cl\/wp-content\/uploads\/2024\/02\/Logo_AtacamaNomade-H-e1710969829763.webp\",\"contentUrl\":\"https:\/\/atacamanomade.cl\/wp-content\/uploads\/2024\/02\/Logo_AtacamaNomade-H-e1710969829763.webp\",\"width\":510,\"height\":236,\"caption\":\"Atacama N\u00f3made\"},\"image\":{\"@id\":\"https:\/\/atacamanomade.cl\/#\/schema\/logo\/image\/\"},\"sameAs\":[\"https:\/\/www.facebook.com\/profile.php?id=61557239294572\",\"https:\/\/www.instagram.com\/atacamanomade\/\"]}]}<\/script>\n<!-- \/ Yoast SEO plugin. -->","yoast_head_json":{"title":"Destinos - Atacama N\u00f3made","robots":{"index":"index","follow":"follow","max-snippet":"max-snippet:-1","max-image-preview":"max-image-preview:large","max-video-preview":"max-video-preview:-1"},"canonical":"https:\/\/atacamanomade.cl\/destinos\/","og_locale":"pt_BR","og_type":"article","og_title":"Destinos - Atacama N\u00f3made","og_description":"Explore Uyuni e San Pedro de Atacam Mergulhe nas aventuras \u00fanicas que esperam por voc\u00ea no Salar de Uyuni e [&hellip;]","og_url":"https:\/\/atacamanomade.cl\/destinos\/","og_site_name":"Atacama N\u00f3made","article_publisher":"https:\/\/www.facebook.com\/profile.php?id=61557239294572","article_modified_time":"2024-05-14T21:10:50+00:00","og_image":[{"url":"https:\/\/atacamanomade.cl\/wp-content\/uploads\/2024\/05\/Sal_Uyuni-500x410.webp","type":"","width":"","height":""}],"twitter_card":"summary_large_image","twitter_misc":{"Est. tempo de leitura":"1 minuto"},"schema":{"@context":"https:\/\/schema.org","@graph":[{"@type":"WebPage","@id":"https:\/\/atacamanomade.cl\/destinos\/","url":"https:\/\/atacamanomade.cl\/destinos\/","name":"Destinos - Atacama N\u00f3made","isPartOf":{"@id":"https:\/\/atacamanomade.cl\/#website"},"primaryImageOfPage":{"@id":"https:\/\/atacamanomade.cl\/destinos\/#primaryimage"},"image":{"@id":"https:\/\/atacamanomade.cl\/destinos\/#primaryimage"},"thumbnailUrl":"https:\/\/atacamanomade.cl\/wp-content\/uploads\/2024\/05\/Sal_Uyuni-500x410.webp","datePublished":"2024-05-13T21:32:09+00:00","dateModified":"2024-05-14T21:10:50+00:00","breadcrumb":{"@id":"https:\/\/atacamanomade.cl\/destinos\/#breadcrumb"},"inLanguage":"pt-BR","potentialAction":[{"@type":"ReadAction","target":["https:\/\/atacamanomade.cl\/destinos\/"]}]},{"@type":"ImageObject","inLanguage":"pt-BR","@id":"https:\/\/atacamanomade.cl\/destinos\/#primaryimage","url":"https:\/\/atacamanomade.cl\/wp-content\/uploads\/2024\/05\/Sal_Uyuni-500x410.webp","contentUrl":"https:\/\/atacamanomade.cl\/wp-content\/uploads\/2024\/05\/Sal_Uyuni-500x410.webp"},{"@type":"BreadcrumbList","@id":"https:\/\/atacamanomade.cl\/destinos\/#breadcrumb","itemListElement":[{"@type":"ListItem","position":1,"name":"Portada","item":"https:\/\/atacamanomade.cl\/"},{"@type":"ListItem","position":2,"name":"Destinos"}]},{"@type":"WebSite","@id":"https:\/\/atacamanomade.cl\/#website","url":"https:\/\/atacamanomade.cl\/","name":"Atacama N\u00f3made","description":"Tours en San Pedro de Atacama ","publisher":{"@id":"https:\/\/atacamanomade.cl\/#organization"},"potentialAction":[{"@type":"SearchAction","target":{"@type":"EntryPoint","urlTemplate":"https:\/\/atacamanomade.cl\/?s={search_term_string}"},"query-input":{"@type":"PropertyValueSpecification","valueRequired":true,"valueName":"search_term_string"}}],"inLanguage":"pt-BR"},{"@type":"Organization","@id":"https:\/\/atacamanomade.cl\/#organization","name":"Atacama N\u00f3made","url":"https:\/\/atacamanomade.cl\/","logo":{"@type":"ImageObject","inLanguage":"pt-BR","@id":"https:\/\/atacamanomade.cl\/#\/schema\/logo\/image\/","url":"https:\/\/atacamanomade.cl\/wp-content\/uploads\/2024\/02\/Logo_AtacamaNomade-H-e1710969829763.webp","contentUrl":"https:\/\/atacamanomade.cl\/wp-content\/uploads\/2024\/02\/Logo_AtacamaNomade-H-e1710969829763.webp","width":510,"height":236,"caption":"Atacama N\u00f3made"},"image":{"@id":"https:\/\/atacamanomade.cl\/#\/schema\/logo\/image\/"},"sameAs":["https:\/\/www.facebook.com\/profile.php?id=61557239294572","https:\/\/www.instagram.com\/atacamanomade\/"]}]}},"_links":{"self":[{"href":"https:\/\/atacamanomade.cl\/pt-br\/wp-json\/wp\/v2\/pages\/7128","targetHints":{"allow":["GET"]}}],"collection":[{"href":"https:\/\/atacamanomade.cl\/pt-br\/wp-json\/wp\/v2\/pages"}],"about":[{"href":"https:\/\/atacamanomade.cl\/pt-br\/wp-json\/wp\/v2\/types\/page"}],"author":[{"embeddable":true,"href":"https:\/\/atacamanomade.cl\/pt-br\/wp-json\/wp\/v2\/users\/1"}],"replies":[{"embeddable":true,"href":"https:\/\/atacamanomade.cl\/pt-br\/wp-json\/wp\/v2\/comments?post=7128"}],"version-history":[{"count":3,"href":"https:\/\/atacamanomade.cl\/pt-br\/wp-json\/wp\/v2\/pages\/7128\/revisions"}],"predecessor-version":[{"id":7290,"href":"https:\/\/atacamanomade.cl\/pt-br\/wp-json\/wp\/v2\/pages\/7128\/revisions\/7290"}],"wp:attachment":[{"href":"https:\/\/atacamanomade.cl\/pt-br\/wp-json\/wp\/v2\/media?parent=7128"}],"curies":[{"name":"wp","href":"https:\/\/api.w.org\/{rel}","templated":true}]}}