{"id":6706,"date":"2021-12-30T10:54:48","date_gmt":"2021-12-30T10:54:48","guid":{"rendered":"https:\/\/atacamanomade.cl\/atividades\/"},"modified":"2024-04-12T15:15:28","modified_gmt":"2024-04-12T15:15:28","slug":"atividades","status":"publish","type":"page","link":"https:\/\/atacamanomade.cl\/pt-br\/atividades\/","title":{"rendered":"Atividades"},"content":{"rendered":"\n<p>\n          <strong>Explore a magia de San Pedro de Atacama com a Atacama N\u00f3made<\/strong>\n        <\/p>\n\n<p>Descubra os segredos ocultos de San Pedro de Atacama com nossas visitas guiadas e aventuras de trekking. Mergulhe em paisagens de outro mundo, onde vastas plan\u00edcies de sal, g\u00eaiseres fumegantes e pores do sol coloridos esperam para contar suas hist\u00f3rias antigas. Nossos guias especializados o levar\u00e3o para fora dos caminhos mais conhecidos, revelando a rica hist\u00f3ria e a cultura vibrante dessa terra m\u00e1gica. De caminhadas tranquilas pelo Valley of the Moon a excurs\u00f5es emocionantes no cora\u00e7\u00e3o do deserto, cada passo \u00e9 um convite \u00e0 aventura. Junte-se a n\u00f3s para uma experi\u00eancia inesquec\u00edvel em San Pedro de Atacama!<\/p>\n\n\n","protected":false},"excerpt":{"rendered":"<p>Explore a magia de San Pedro de Atacama com a Atacama N\u00f3made Descubra os segredos ocultos de San Pedro de [&hellip;]<\/p>\n","protected":false},"author":1,"featured_media":5974,"parent":0,"menu_order":0,"comment_status":"closed","ping_status":"closed","template":"templates\/template-activities.php","meta":{"site-sidebar-layout":"default","site-content-layout":"","ast-site-content-layout":"default","site-content-style":"default","site-sidebar-style":"default","ast-global-header-display":"","ast-banner-title-visibility":"","ast-main-header-display":"","ast-hfb-above-header-display":"","ast-hfb-below-header-display":"","ast-hfb-mobile-header-display":"","site-post-title":"","ast-breadcrumbs-content":"","ast-featured-img":"","footer-sml-layout":"","ast-disable-related-posts":"","theme-transparent-header-meta":"","adv-header-id-meta":"","stick-header-meta":"","header-above-stick-meta":"","header-main-stick-meta":"","header-below-stick-meta":"","astra-migrate-meta-layouts":"default","ast-page-background-enabled":"default","ast-page-background-meta":{"desktop":{"background-color":"var(--ast-global-color-5)","background-image":"","background-repeat":"repeat","background-position":"center center","background-size":"auto","background-attachment":"scroll","background-type":"","background-media":"","overlay-type":"","overlay-color":"","overlay-opacity":"","overlay-gradient":""},"tablet":{"background-color":"","background-image":"","background-repeat":"repeat","background-position":"center center","background-size":"auto","background-attachment":"scroll","background-type":"","background-media":"","overlay-type":"","overlay-color":"","overlay-opacity":"","overlay-gradient":""},"mobile":{"background-color":"","background-image":"","background-repeat":"repeat","background-position":"center center","background-size":"auto","background-attachment":"scroll","background-type":"","background-media":"","overlay-type":"","overlay-color":"","overlay-opacity":"","overlay-gradient":""}},"ast-content-background-meta":{"desktop":{"background-color":"var(--ast-global-color-4)","background-image":"","background-repeat":"repeat","background-position":"center center","background-size":"auto","background-attachment":"scroll","background-type":"","background-media":"","overlay-type":"","overlay-color":"","overlay-opacity":"","overlay-gradient":""},"tablet":{"background-color":"var(--ast-global-color-4)","background-image":"","background-repeat":"repeat","background-position":"center center","background-size":"auto","background-attachment":"scroll","background-type":"","background-media":"","overlay-type":"","overlay-color":"","overlay-opacity":"","overlay-gradient":""},"mobile":{"background-color":"var(--ast-global-color-4)","background-image":"","background-repeat":"repeat","background-position":"center center","background-size":"auto","background-attachment":"scroll","background-type":"","background-media":"","overlay-type":"","overlay-color":"","overlay-opacity":"","overlay-gradient":""}},"footnotes":""},"class_list":["post-6706","page","type-page","status-publish","has-post-thumbnail","hentry"],"yoast_head":"<!-- This site is optimized with the Yoast SEO plugin v27.0 - https:\/\/yoast.com\/product\/yoast-seo-wordpress\/ -->\n<title>Atividades - Atacama N\u00f3made<\/title>\n<meta name=\"description\" content=\"Descubra os segredos de San Pedro de Atacama com nossos passeios e aventuras de trekking. Os vastos e coloridos pores-do-sol est\u00e3o esperando por voc\u00ea.\" \/>\n<meta name=\"robots\" content=\"index, follow, max-snippet:-1, max-image-preview:large, max-video-preview:-1\" \/>\n<link rel=\"canonical\" href=\"https:\/\/atacamanomade.cl\/pt-br\/atividades\/\" \/>\n<meta property=\"og:locale\" content=\"pt_BR\" \/>\n<meta property=\"og:type\" content=\"article\" \/>\n<meta property=\"og:title\" content=\"Atividades - Atacama N\u00f3made\" \/>\n<meta property=\"og:description\" content=\"Descubra os segredos de San Pedro de Atacama com nossos passeios e aventuras de trekking. Os vastos e coloridos pores-do-sol est\u00e3o esperando por voc\u00ea.\" \/>\n<meta property=\"og:url\" content=\"https:\/\/atacamanomade.cl\/pt-br\/atividades\/\" \/>\n<meta property=\"og:site_name\" content=\"Atacama N\u00f3made\" \/>\n<meta property=\"article:publisher\" content=\"https:\/\/www.facebook.com\/profile.php?id=61557239294572\" \/>\n<meta property=\"article:modified_time\" content=\"2024-04-12T15:15:28+00:00\" \/>\n<meta property=\"og:image\" content=\"https:\/\/atacamanomade.cl\/wp-content\/uploads\/2024\/02\/Actividades.webp\" \/>\n\t<meta property=\"og:image:width\" content=\"900\" \/>\n\t<meta property=\"og:image:height\" content=\"490\" \/>\n\t<meta property=\"og:image:type\" content=\"image\/webp\" \/>\n<meta name=\"twitter:card\" content=\"summary_large_image\" \/>\n<meta name=\"twitter:label1\" content=\"Est. tempo de leitura\" \/>\n\t<meta name=\"twitter:data1\" content=\"1 minuto\" \/>\n<script type=\"application\/ld+json\" class=\"yoast-schema-graph\">{\"@context\":\"https:\/\/schema.org\",\"@graph\":[{\"@type\":\"WebPage\",\"@id\":\"https:\/\/atacamanomade.cl\/pt-br\/atividades\/\",\"url\":\"https:\/\/atacamanomade.cl\/pt-br\/atividades\/\",\"name\":\"Atividades - Atacama N\u00f3made\",\"isPartOf\":{\"@id\":\"https:\/\/atacamanomade.cl\/#website\"},\"primaryImageOfPage\":{\"@id\":\"https:\/\/atacamanomade.cl\/pt-br\/atividades\/#primaryimage\"},\"image\":{\"@id\":\"https:\/\/atacamanomade.cl\/pt-br\/atividades\/#primaryimage\"},\"thumbnailUrl\":\"https:\/\/atacamanomade.cl\/wp-content\/uploads\/2024\/02\/Actividades.webp\",\"datePublished\":\"2021-12-30T10:54:48+00:00\",\"dateModified\":\"2024-04-12T15:15:28+00:00\",\"description\":\"Descubra os segredos de San Pedro de Atacama com nossos passeios e aventuras de trekking. Os vastos e coloridos pores-do-sol est\u00e3o esperando por voc\u00ea.\",\"breadcrumb\":{\"@id\":\"https:\/\/atacamanomade.cl\/pt-br\/atividades\/#breadcrumb\"},\"inLanguage\":\"pt-BR\",\"potentialAction\":[{\"@type\":\"ReadAction\",\"target\":[\"https:\/\/atacamanomade.cl\/pt-br\/atividades\/\"]}]},{\"@type\":\"ImageObject\",\"inLanguage\":\"pt-BR\",\"@id\":\"https:\/\/atacamanomade.cl\/pt-br\/atividades\/#primaryimage\",\"url\":\"https:\/\/atacamanomade.cl\/wp-content\/uploads\/2024\/02\/Actividades.webp\",\"contentUrl\":\"https:\/\/atacamanomade.cl\/wp-content\/uploads\/2024\/02\/Actividades.webp\",\"width\":900,\"height\":490},{\"@type\":\"BreadcrumbList\",\"@id\":\"https:\/\/atacamanomade.cl\/pt-br\/atividades\/#breadcrumb\",\"itemListElement\":[{\"@type\":\"ListItem\",\"position\":1,\"name\":\"Portada\",\"item\":\"https:\/\/atacamanomade.cl\/\"},{\"@type\":\"ListItem\",\"position\":2,\"name\":\"Atividades\"}]},{\"@type\":\"WebSite\",\"@id\":\"https:\/\/atacamanomade.cl\/#website\",\"url\":\"https:\/\/atacamanomade.cl\/\",\"name\":\"Atacama N\u00f3made\",\"description\":\"Tours en San Pedro de Atacama \",\"publisher\":{\"@id\":\"https:\/\/atacamanomade.cl\/#organization\"},\"potentialAction\":[{\"@type\":\"SearchAction\",\"target\":{\"@type\":\"EntryPoint\",\"urlTemplate\":\"https:\/\/atacamanomade.cl\/?s={search_term_string}\"},\"query-input\":{\"@type\":\"PropertyValueSpecification\",\"valueRequired\":true,\"valueName\":\"search_term_string\"}}],\"inLanguage\":\"pt-BR\"},{\"@type\":\"Organization\",\"@id\":\"https:\/\/atacamanomade.cl\/#organization\",\"name\":\"Atacama N\u00f3made\",\"url\":\"https:\/\/atacamanomade.cl\/\",\"logo\":{\"@type\":\"ImageObject\",\"inLanguage\":\"pt-BR\",\"@id\":\"https:\/\/atacamanomade.cl\/#\/schema\/logo\/image\/\",\"url\":\"https:\/\/atacamanomade.cl\/wp-content\/uploads\/2024\/02\/Logo_AtacamaNomade-H-e1710969829763.webp\",\"contentUrl\":\"https:\/\/atacamanomade.cl\/wp-content\/uploads\/2024\/02\/Logo_AtacamaNomade-H-e1710969829763.webp\",\"width\":510,\"height\":236,\"caption\":\"Atacama N\u00f3made\"},\"image\":{\"@id\":\"https:\/\/atacamanomade.cl\/#\/schema\/logo\/image\/\"},\"sameAs\":[\"https:\/\/www.facebook.com\/profile.php?id=61557239294572\",\"https:\/\/www.instagram.com\/atacamanomade\/\"]}]}<\/script>\n<!-- \/ Yoast SEO plugin. -->","yoast_head_json":{"title":"Atividades - Atacama N\u00f3made","description":"Descubra os segredos de San Pedro de Atacama com nossos passeios e aventuras de trekking. Os vastos e coloridos pores-do-sol est\u00e3o esperando por voc\u00ea.","robots":{"index":"index","follow":"follow","max-snippet":"max-snippet:-1","max-image-preview":"max-image-preview:large","max-video-preview":"max-video-preview:-1"},"canonical":"https:\/\/atacamanomade.cl\/pt-br\/atividades\/","og_locale":"pt_BR","og_type":"article","og_title":"Atividades - Atacama N\u00f3made","og_description":"Descubra os segredos de San Pedro de Atacama com nossos passeios e aventuras de trekking. Os vastos e coloridos pores-do-sol est\u00e3o esperando por voc\u00ea.","og_url":"https:\/\/atacamanomade.cl\/pt-br\/atividades\/","og_site_name":"Atacama N\u00f3made","article_publisher":"https:\/\/www.facebook.com\/profile.php?id=61557239294572","article_modified_time":"2024-04-12T15:15:28+00:00","og_image":[{"width":900,"height":490,"url":"https:\/\/atacamanomade.cl\/wp-content\/uploads\/2024\/02\/Actividades.webp","type":"image\/webp"}],"twitter_card":"summary_large_image","twitter_misc":{"Est. tempo de leitura":"1 minuto"},"schema":{"@context":"https:\/\/schema.org","@graph":[{"@type":"WebPage","@id":"https:\/\/atacamanomade.cl\/pt-br\/atividades\/","url":"https:\/\/atacamanomade.cl\/pt-br\/atividades\/","name":"Atividades - Atacama N\u00f3made","isPartOf":{"@id":"https:\/\/atacamanomade.cl\/#website"},"primaryImageOfPage":{"@id":"https:\/\/atacamanomade.cl\/pt-br\/atividades\/#primaryimage"},"image":{"@id":"https:\/\/atacamanomade.cl\/pt-br\/atividades\/#primaryimage"},"thumbnailUrl":"https:\/\/atacamanomade.cl\/wp-content\/uploads\/2024\/02\/Actividades.webp","datePublished":"2021-12-30T10:54:48+00:00","dateModified":"2024-04-12T15:15:28+00:00","description":"Descubra os segredos de San Pedro de Atacama com nossos passeios e aventuras de trekking. Os vastos e coloridos pores-do-sol est\u00e3o esperando por voc\u00ea.","breadcrumb":{"@id":"https:\/\/atacamanomade.cl\/pt-br\/atividades\/#breadcrumb"},"inLanguage":"pt-BR","potentialAction":[{"@type":"ReadAction","target":["https:\/\/atacamanomade.cl\/pt-br\/atividades\/"]}]},{"@type":"ImageObject","inLanguage":"pt-BR","@id":"https:\/\/atacamanomade.cl\/pt-br\/atividades\/#primaryimage","url":"https:\/\/atacamanomade.cl\/wp-content\/uploads\/2024\/02\/Actividades.webp","contentUrl":"https:\/\/atacamanomade.cl\/wp-content\/uploads\/2024\/02\/Actividades.webp","width":900,"height":490},{"@type":"BreadcrumbList","@id":"https:\/\/atacamanomade.cl\/pt-br\/atividades\/#breadcrumb","itemListElement":[{"@type":"ListItem","position":1,"name":"Portada","item":"https:\/\/atacamanomade.cl\/"},{"@type":"ListItem","position":2,"name":"Atividades"}]},{"@type":"WebSite","@id":"https:\/\/atacamanomade.cl\/#website","url":"https:\/\/atacamanomade.cl\/","name":"Atacama N\u00f3made","description":"Tours en San Pedro de Atacama ","publisher":{"@id":"https:\/\/atacamanomade.cl\/#organization"},"potentialAction":[{"@type":"SearchAction","target":{"@type":"EntryPoint","urlTemplate":"https:\/\/atacamanomade.cl\/?s={search_term_string}"},"query-input":{"@type":"PropertyValueSpecification","valueRequired":true,"valueName":"search_term_string"}}],"inLanguage":"pt-BR"},{"@type":"Organization","@id":"https:\/\/atacamanomade.cl\/#organization","name":"Atacama N\u00f3made","url":"https:\/\/atacamanomade.cl\/","logo":{"@type":"ImageObject","inLanguage":"pt-BR","@id":"https:\/\/atacamanomade.cl\/#\/schema\/logo\/image\/","url":"https:\/\/atacamanomade.cl\/wp-content\/uploads\/2024\/02\/Logo_AtacamaNomade-H-e1710969829763.webp","contentUrl":"https:\/\/atacamanomade.cl\/wp-content\/uploads\/2024\/02\/Logo_AtacamaNomade-H-e1710969829763.webp","width":510,"height":236,"caption":"Atacama N\u00f3made"},"image":{"@id":"https:\/\/atacamanomade.cl\/#\/schema\/logo\/image\/"},"sameAs":["https:\/\/www.facebook.com\/profile.php?id=61557239294572","https:\/\/www.instagram.com\/atacamanomade\/"]}]}},"_links":{"self":[{"href":"https:\/\/atacamanomade.cl\/pt-br\/wp-json\/wp\/v2\/pages\/6706","targetHints":{"allow":["GET"]}}],"collection":[{"href":"https:\/\/atacamanomade.cl\/pt-br\/wp-json\/wp\/v2\/pages"}],"about":[{"href":"https:\/\/atacamanomade.cl\/pt-br\/wp-json\/wp\/v2\/types\/page"}],"author":[{"embeddable":true,"href":"https:\/\/atacamanomade.cl\/pt-br\/wp-json\/wp\/v2\/users\/1"}],"replies":[{"embeddable":true,"href":"https:\/\/atacamanomade.cl\/pt-br\/wp-json\/wp\/v2\/comments?post=6706"}],"version-history":[{"count":3,"href":"https:\/\/atacamanomade.cl\/pt-br\/wp-json\/wp\/v2\/pages\/6706\/revisions"}],"predecessor-version":[{"id":6709,"href":"https:\/\/atacamanomade.cl\/pt-br\/wp-json\/wp\/v2\/pages\/6706\/revisions\/6709"}],"wp:featuredmedia":[{"embeddable":true,"href":"https:\/\/atacamanomade.cl\/pt-br\/wp-json\/wp\/v2\/media\/5974"}],"wp:attachment":[{"href":"https:\/\/atacamanomade.cl\/pt-br\/wp-json\/wp\/v2\/media?parent=6706"}],"curies":[{"name":"wp","href":"https:\/\/api.w.org\/{rel}","templated":true}]}}